{"id":2013,"date":"2024-08-18T17:24:28","date_gmt":"2024-08-18T15:24:28","guid":{"rendered":"https:\/\/syddanskestuderende.dk\/?page_id=2013"},"modified":"2026-02-17T19:49:02","modified_gmt":"2026-02-17T18:49:02","slug":"bliv-arrangor","status":"publish","type":"page","link":"https:\/\/syddanskestuderende.dk\/eng\/bliv-arrangor\/","title":{"rendered":"Bliv CoLead &#8211; SSF"},"content":{"rendered":"\t\t<div data-elementor-type=\"wp-page\" data-elementor-id=\"2013\" class=\"elementor elementor-2013\" data-elementor-post-type=\"page\">\n\t\t\t\t<div class=\"elementor-element elementor-element-bfdc937 e-con-full e-flex e-con e-parent\" data-id=\"bfdc937\" data-element_type=\"container\" data-e-type=\"container\" data-settings=\"{&quot;background_background&quot;:&quot;gradient&quot;}\">\n\t\t<div class=\"elementor-element elementor-element-e33b8eb e-con-full e-flex e-con e-child\" data-id=\"e33b8eb\" data-element_type=\"container\" data-e-type=\"container\" data-settings=\"{&quot;background_background&quot;:&quot;gradient&quot;}\">\n\t\t\t\t<div class=\"elementor-element elementor-element-45ca8e3 elementor-widget elementor-widget-heading\" data-id=\"45ca8e3\" data-element_type=\"widget\" data-e-type=\"widget\" data-widget_type=\"heading.default\">\n\t\t\t\t<div class=\"elementor-widget-container\">\n\t\t\t\t\t<h2 class=\"elementor-heading-title elementor-size-default\">Bliv Co-Lead til ssf<\/h2>\t\t\t\t<\/div>\n\t\t\t\t<\/div>\n\t\t\t\t<div class=\"elementor-element elementor-element-2289a30 elementor-widget elementor-widget-text-editor\" data-id=\"2289a30\" data-element_type=\"widget\" data-e-type=\"widget\" data-widget_type=\"text-editor.default\">\n\t\t\t\t<div class=\"elementor-widget-container\">\n\t\t\t\t\t\t\t\t\t<div class=\"x78zum5\" role=\"none\">\n<div class=\"x78zum5 x1iyjqo2 xs83m0k xeuugli\" role=\"none\">\n<div class=\"html-div xe8uvvx xdj266r x11i5rnm xat24cr x1mh8g0r xexx8yu x4uap5 x18d9i69 xkhd6sd x1h91t0o xkh2ocl x78zum5 xdt5ytf x13a6bvl x193iq5w x1eb86dx xeuugli\" role=\"presentation\">\n<div class=\"html-div xe8uvvx xdj266r x11i5rnm xat24cr x1mh8g0r xexx8yu x4uap5 x18d9i69 xkhd6sd x78zum5 xh8yej3\" role=\"presentation\">\n<div class=\"x1cy8zhl x78zum5 xdt5ytf x193iq5w x1n2onr6 x1kxipp6\">\n<div class=\"x78zum5 xh8yej3\" role=\"none\">\n<div class=\"html-div xe8uvvx xdj266r x11i5rnm xat24cr x1mh8g0r xexx8yu x4uap5 x18d9i69 xkhd6sd x6ikm8r x10wlt62\">\n<div class=\"html-div xe8uvvx xdj266r x11i5rnm xat24cr x1mh8g0r x1tlxs6b x1g8br2z x1gn5b1j x230xth x14ctfv x1okitfd x1k4qllp x6ikm8r x10wlt62 x1y1aw1k xwib8y2 x1ye3gou xn6708d x1n2onr6 x1vjfegm x1mzt3pk x13faqbe x1xr0vuk x1jm4cbz x1lmq8lz xrrpcnn x1xtl47e x13fuv20 xu3j5b3 x1q0q8m5 x26u7qi x19livfd x2t687o x3p3xfz x5od304\" role=\"presentation\">\n<div class=\"html-div xe8uvvx xexx8yu x4uap5 x18d9i69 xkhd6sd x1gslohp x11i5rnm x12nagc x1mh8g0r x1yc453h x126k92a x18lvrbx\" dir=\"auto\">Kunne du t\u00e6nke dig at spille en st\u00f8rre rolle i planl\u00e6gningen af Semesterstartsfesten? S\u00e5 l\u00e6s om rollen som co-lead her<\/div>\n<\/div>\n<\/div>\n<\/div>\n<\/div>\n<\/div>\n<\/div>\n<\/div>\n<\/div>\t\t\t\t\t\t\t\t<\/div>\n\t\t\t\t<\/div>\n\t\t\t\t<\/div>\n\t\t<div class=\"elementor-element elementor-element-c28c834 e-con-full e-flex e-con e-child\" data-id=\"c28c834\" data-element_type=\"container\" data-e-type=\"container\" data-settings=\"{&quot;background_background&quot;:&quot;classic&quot;}\">\n\t\t\t\t<\/div>\n\t\t\t\t<\/div>\n\t\t<div class=\"elementor-element elementor-element-6c127d7f e-flex e-con-boxed e-con e-parent\" data-id=\"6c127d7f\" data-element_type=\"container\" data-e-type=\"container\" data-settings=\"{&quot;background_background&quot;:&quot;classic&quot;}\">\n\t\t\t\t\t<div class=\"e-con-inner\">\n\t\t<div class=\"elementor-element elementor-element-748cd170 e-con-full e-flex e-con e-child\" data-id=\"748cd170\" data-element_type=\"container\" data-e-type=\"container\">\n\t\t\t\t<div class=\"elementor-element elementor-element-23fedd26 elementor-invisible elementor-widget elementor-widget-heading\" data-id=\"23fedd26\" data-element_type=\"widget\" data-e-type=\"widget\" data-settings=\"{&quot;_animation&quot;:&quot;fadeIn&quot;}\" data-widget_type=\"heading.default\">\n\t\t\t\t<div class=\"elementor-widget-container\">\n\t\t\t\t\t<h2 class=\"elementor-heading-title elementor-size-default\">Om at v\u00e6re co-lead<\/h2>\t\t\t\t<\/div>\n\t\t\t\t<\/div>\n\t\t\t\t<div class=\"elementor-element elementor-element-14f762bc elementor-widget elementor-widget-text-editor\" data-id=\"14f762bc\" data-element_type=\"widget\" data-e-type=\"widget\" data-widget_type=\"text-editor.default\">\n\t\t\t\t<div class=\"elementor-widget-container\">\n\t\t\t\t\t\t\t\t\t<p>Semesterstartsfesten er igen i \u00e5r 2 dage, hvor vi hver dag f\u00e5r bes\u00f8g af omkring 9000 festglade mennesker! For at stable 2 fede dage p\u00e5 benene, for b\u00e5de g\u00e6ster og frivillige, har vi brug for co-leads, der vil v\u00e6re med til at planl\u00e6gge SSF.&nbsp;<\/p>\n<p>Som co-lead er du med til at arrangere Semesterstartsfesten og f\u00e5r mulighed for at have indflydelse p\u00e5 planl\u00e6gningen af en af SDU\u2019s st\u00f8rste fester. Dette kommer du til at g\u00f8re i samarbejde med de 4 leads for SSF. Hvis du kan lide at pr\u00f8ve ting af i praksis, hvad enten du er uddannet inden for det eller bare har en stor interesse i at f\u00e5 kendskab med det, s\u00e5 er SSF din oplagte mulighed!&nbsp;<\/p>\n<p>Vi vil vildt gerne have din hj\u00e6lp s\u00e5 vi fortsat kan holde en fantastisk fest.<\/p>\n<p><b>L\u00e6s mere om ansvarsomr\u00e5derne for de forskellige roller som co-leads p\u00e5 vores sociale medier<\/b>.<\/p>\n<p>Facebook:&nbsp;<a href=\"https:\/\/www.facebook.com\/photo\/?fbid=891185740332717&amp;set=pcb.891185800332711\" target=\"_blank\" rel=\"noopener\">Semesterstartsfesten SDU<\/a><br>Instagram:&nbsp;<a href=\"https:\/\/www.instagram.com\/semesterstartsfesten\/?hl=da\" target=\"_blank\" style=\"letter-spacing: 0px; background-color: rgb(255, 255, 255);\" rel=\"noopener\">semesterstartsfesten<\/a><\/p>\t\t\t\t\t\t\t\t<\/div>\n\t\t\t\t<\/div>\n\t\t\t\t<\/div>\n\t\t<div class=\"elementor-element elementor-element-44b865ac e-con-full e-flex e-con e-child\" data-id=\"44b865ac\" data-element_type=\"container\" data-e-type=\"container\">\n\t\t\t\t<div class=\"elementor-element elementor-element-291e0c0b elementor-widget elementor-widget-image\" data-id=\"291e0c0b\" data-element_type=\"widget\" data-e-type=\"widget\" data-widget_type=\"image.default\">\n\t\t\t\t<div class=\"elementor-widget-container\">\n\t\t\t\t\t\t\t\t\t\t\t\t\t\t\t<img fetchpriority=\"high\" decoding=\"async\" width=\"768\" height=\"1024\" src=\"https:\/\/syddanskestuderende.dk\/wp-content\/uploads\/2024\/08\/3-768x1024.png\" class=\"attachment-large size-large wp-image-878\" alt=\"\" srcset=\"https:\/\/syddanskestuderende.dk\/wp-content\/uploads\/2024\/08\/3-768x1024.png 768w, https:\/\/syddanskestuderende.dk\/wp-content\/uploads\/2024\/08\/3-225x300.png 225w, https:\/\/syddanskestuderende.dk\/wp-content\/uploads\/2024\/08\/3-1152x1536.png 1152w, https:\/\/syddanskestuderende.dk\/wp-content\/uploads\/2024\/08\/3-1536x2048.png 1536w\" sizes=\"(max-width: 768px) 100vw, 768px\" \/>\t\t\t\t\t\t\t\t\t\t\t\t\t\t\t<\/div>\n\t\t\t\t<\/div>\n\t\t\t\t<\/div>\n\t\t\t\t\t<\/div>\n\t\t\t\t<\/div>\n\t\t<div class=\"elementor-element elementor-element-56cfa7b5 e-con-full e-flex e-con e-parent\" data-id=\"56cfa7b5\" data-element_type=\"container\" data-e-type=\"container\" data-settings=\"{&quot;background_background&quot;:&quot;video&quot;}\">\n\t\t\t\t<div class=\"elementor-element elementor-element-aa2124b elementor-widget elementor-widget-image\" data-id=\"aa2124b\" data-element_type=\"widget\" data-e-type=\"widget\" data-widget_type=\"image.default\">\n\t\t\t\t<div class=\"elementor-widget-container\">\n\t\t\t\t\t\t\t\t\t\t\t\t\t\t\t<img decoding=\"async\" src=\"https:\/\/syddanskestuderende.dk\/wp-content\/uploads\/2025\/05\/2.jpg\" title=\"\" alt=\"\" loading=\"lazy\" \/>\t\t\t\t\t\t\t\t\t\t\t\t\t\t\t<\/div>\n\t\t\t\t<\/div>\n\t\t\t\t<\/div>\n\t\t<div class=\"elementor-element elementor-element-c1643c9 e-con-full e-flex e-con e-parent\" data-id=\"c1643c9\" data-element_type=\"container\" data-e-type=\"container\" data-settings=\"{&quot;background_background&quot;:&quot;video&quot;}\">\n\t\t\t\t<div class=\"elementor-element elementor-element-d3500c5 elementor-widget elementor-widget-image\" data-id=\"d3500c5\" data-element_type=\"widget\" data-e-type=\"widget\" data-widget_type=\"image.default\">\n\t\t\t\t<div class=\"elementor-widget-container\">\n\t\t\t\t\t\t\t\t\t\t\t\t\t\t\t<img decoding=\"async\" src=\"https:\/\/syddanskestuderende.dk\/wp-content\/uploads\/2025\/05\/4.jpg\" title=\"\" alt=\"\" loading=\"lazy\" \/>\t\t\t\t\t\t\t\t\t\t\t\t\t\t\t<\/div>\n\t\t\t\t<\/div>\n\t\t\t\t<\/div>\n\t\t<div class=\"elementor-element elementor-element-6343ce2 e-con-full e-flex e-con e-parent\" data-id=\"6343ce2\" data-element_type=\"container\" data-e-type=\"container\" data-settings=\"{&quot;background_background&quot;:&quot;video&quot;}\">\n\t\t\t\t<div class=\"elementor-element elementor-element-d815ef7 elementor-widget elementor-widget-image\" data-id=\"d815ef7\" data-element_type=\"widget\" data-e-type=\"widget\" data-widget_type=\"image.default\">\n\t\t\t\t<div class=\"elementor-widget-container\">\n\t\t\t\t\t\t\t\t\t\t\t\t\t\t\t<img decoding=\"async\" src=\"https:\/\/syddanskestuderende.dk\/wp-content\/uploads\/2025\/05\/3.jpg\" title=\"\" alt=\"\" loading=\"lazy\" \/>\t\t\t\t\t\t\t\t\t\t\t\t\t\t\t<\/div>\n\t\t\t\t<\/div>\n\t\t\t\t<\/div>\n\t\t<div class=\"elementor-element elementor-element-34992f4d e-con-full e-flex e-con e-parent\" data-id=\"34992f4d\" data-element_type=\"container\" data-e-type=\"container\" data-settings=\"{&quot;background_background&quot;:&quot;classic&quot;}\">\n\t\t<div class=\"elementor-element elementor-element-9042f49 e-con-full e-flex e-con e-child\" data-id=\"9042f49\" data-element_type=\"container\" data-e-type=\"container\">\n\t\t\t\t<div class=\"elementor-element elementor-element-6334888 elementor-widget-mobile__width-initial elementor-widget elementor-widget-image\" data-id=\"6334888\" data-element_type=\"widget\" data-e-type=\"widget\" data-settings=\"{&quot;motion_fx_motion_fx_scrolling&quot;:&quot;yes&quot;,&quot;motion_fx_translateY_effect&quot;:&quot;yes&quot;,&quot;motion_fx_translateY_speed&quot;:{&quot;unit&quot;:&quot;px&quot;,&quot;size&quot;:1,&quot;sizes&quot;:[]},&quot;motion_fx_devices&quot;:[&quot;desktop&quot;,&quot;tablet&quot;],&quot;motion_fx_translateY_affectedRange&quot;:{&quot;unit&quot;:&quot;%&quot;,&quot;size&quot;:&quot;&quot;,&quot;sizes&quot;:{&quot;start&quot;:0,&quot;end&quot;:100}}}\" data-widget_type=\"image.default\">\n\t\t\t\t<div class=\"elementor-widget-container\">\n\t\t\t\t\t\t\t\t\t\t\t\t\t\t\t<img decoding=\"async\" width=\"682\" height=\"1024\" src=\"https:\/\/syddanskestuderende.dk\/wp-content\/uploads\/2024\/08\/MicrosoftTeams-image-4-682x1024.jpg\" class=\"attachment-large size-large wp-image-2244\" alt=\"\" srcset=\"https:\/\/syddanskestuderende.dk\/wp-content\/uploads\/2024\/08\/MicrosoftTeams-image-4-682x1024.jpg 682w, https:\/\/syddanskestuderende.dk\/wp-content\/uploads\/2024\/08\/MicrosoftTeams-image-4-200x300.jpg 200w, https:\/\/syddanskestuderende.dk\/wp-content\/uploads\/2024\/08\/MicrosoftTeams-image-4-768x1154.jpg 768w, https:\/\/syddanskestuderende.dk\/wp-content\/uploads\/2024\/08\/MicrosoftTeams-image-4-1022x1536.jpg 1022w, https:\/\/syddanskestuderende.dk\/wp-content\/uploads\/2024\/08\/MicrosoftTeams-image-4.jpg 1363w\" sizes=\"(max-width: 682px) 100vw, 682px\" \/>\t\t\t\t\t\t\t\t\t\t\t\t\t\t\t<\/div>\n\t\t\t\t<\/div>\n\t\t\t\t<div class=\"elementor-element elementor-element-6b620523 elementor-widget-mobile__width-initial elementor-widget elementor-widget-image\" data-id=\"6b620523\" data-element_type=\"widget\" data-e-type=\"widget\" data-settings=\"{&quot;motion_fx_motion_fx_scrolling&quot;:&quot;yes&quot;,&quot;motion_fx_translateY_effect&quot;:&quot;yes&quot;,&quot;motion_fx_translateY_direction&quot;:&quot;negative&quot;,&quot;motion_fx_translateY_speed&quot;:{&quot;unit&quot;:&quot;px&quot;,&quot;size&quot;:1,&quot;sizes&quot;:[]},&quot;motion_fx_devices&quot;:[&quot;desktop&quot;,&quot;tablet&quot;],&quot;motion_fx_translateY_affectedRange&quot;:{&quot;unit&quot;:&quot;%&quot;,&quot;size&quot;:&quot;&quot;,&quot;sizes&quot;:{&quot;start&quot;:0,&quot;end&quot;:100}}}\" data-widget_type=\"image.default\">\n\t\t\t\t<div class=\"elementor-widget-container\">\n\t\t\t\t\t\t\t\t\t\t\t\t\t\t\t<img decoding=\"async\" width=\"682\" height=\"1024\" src=\"https:\/\/syddanskestuderende.dk\/wp-content\/uploads\/2024\/08\/MicrosoftTeams-image-2-1-682x1024.jpg\" class=\"attachment-large size-large wp-image-2241\" alt=\"\" srcset=\"https:\/\/syddanskestuderende.dk\/wp-content\/uploads\/2024\/08\/MicrosoftTeams-image-2-1-682x1024.jpg 682w, https:\/\/syddanskestuderende.dk\/wp-content\/uploads\/2024\/08\/MicrosoftTeams-image-2-1-200x300.jpg 200w, https:\/\/syddanskestuderende.dk\/wp-content\/uploads\/2024\/08\/MicrosoftTeams-image-2-1-768x1154.jpg 768w, https:\/\/syddanskestuderende.dk\/wp-content\/uploads\/2024\/08\/MicrosoftTeams-image-2-1-1022x1536.jpg 1022w, https:\/\/syddanskestuderende.dk\/wp-content\/uploads\/2024\/08\/MicrosoftTeams-image-2-1.jpg 1363w\" sizes=\"(max-width: 682px) 100vw, 682px\" \/>\t\t\t\t\t\t\t\t\t\t\t\t\t\t\t<\/div>\n\t\t\t\t<\/div>\n\t\t\t\t<\/div>\n\t\t<div class=\"elementor-element elementor-element-aecaf44 e-con-full e-flex e-con e-child\" data-id=\"aecaf44\" data-element_type=\"container\" data-e-type=\"container\">\n\t\t\t\t<div class=\"elementor-element elementor-element-47360bb4 elementor-invisible elementor-widget elementor-widget-heading\" data-id=\"47360bb4\" data-element_type=\"widget\" data-e-type=\"widget\" data-settings=\"{&quot;_animation&quot;:&quot;fadeIn&quot;}\" data-widget_type=\"heading.default\">\n\t\t\t\t<div class=\"elementor-widget-container\">\n\t\t\t\t\t<h1 class=\"elementor-heading-title elementor-size-default\">Fordele ved at v\u00e6re co-lead<\/h1>\t\t\t\t<\/div>\n\t\t\t\t<\/div>\n\t\t\t\t<div class=\"elementor-element elementor-element-2b538cc0 elementor-invisible elementor-widget elementor-widget-text-editor\" data-id=\"2b538cc0\" data-element_type=\"widget\" data-e-type=\"widget\" data-settings=\"{&quot;_animation&quot;:&quot;fadeIn&quot;,&quot;_animation_delay&quot;:200}\" data-widget_type=\"text-editor.default\">\n\t\t\t\t<div class=\"elementor-widget-container\">\n\t\t\t\t\t\t\t\t\t<p style=\"text-align: left;\">Det er frivilligt arbejde, men der er selvf\u00f8lgelig nogle fordele ved at v\u00e6re co-lead:<\/p><ul><li>Du bliver en del af et fedt team.<\/li><li>Er med til at arrangere en af Danmarks st\u00f8rste studiestartsfester.<\/li><li>Fuld forplejning til m\u00f8der og arrangementer.\u00a0<\/li><li>Crew t-shirt + hoodie.\u00a0<\/li><li>2 ekstra partoutbilletter til SSF.\u00a0<\/li><li>1000 kr betalingskort til brug p\u00e5 pladsen under SSF (OBS: ingen alkohol under din vagt).\u00a0<\/li><li>Tak for hj\u00e6lpen &#8211; aften med bespisning i efter\u00e5ret.\u00a0<\/li><li>1 gang \u00e5rlig invitation til event, leverand\u00f8rarrangement el. lign.\u00a0<\/li><li>Sommerhustur el. lign. arrangement med masser af hygge og evaluering af SSF, med blikket rettet mod SSF n\u00e6ste \u00e5r.\u00a0<\/li><li>En masse erfaring, der helt sikkert vil pynte p\u00e5 dit CV.<\/li><\/ul><p><strong>\u00a0<\/strong><\/p><p><strong>Forventninger til dig<\/strong><\/p><ul><li>Du er over 18 \u00e5r.\u00a0<\/li><li>Du er \u00e5ben og motiveret for opgaven.\u00a0<\/li><li>Du er struktureret og kan finde ud af at overholde deadlines.<\/li><li>Du er ledig i perioden d. 6-14 september 2026.<\/li><\/ul>\t\t\t\t\t\t\t\t<\/div>\n\t\t\t\t<\/div>\n\t\t\t\t<\/div>\n\t\t\t\t<\/div>\n\t\t<div class=\"elementor-element elementor-element-970c8fa e-con-full e-flex e-con e-parent\" data-id=\"970c8fa\" data-element_type=\"container\" data-e-type=\"container\" data-settings=\"{&quot;background_background&quot;:&quot;video&quot;}\">\n\t\t\t\t<div class=\"elementor-element elementor-element-937bfd4 elementor-widget elementor-widget-heading\" data-id=\"937bfd4\" data-element_type=\"widget\" data-e-type=\"widget\" data-widget_type=\"heading.default\">\n\t\t\t\t<div class=\"elementor-widget-container\">\n\t\t\t\t\t<h2 class=\"elementor-heading-title elementor-size-default\">Hvis nogle af posterne lyder som noget for dig \u2013 eller du gerne vil vide mere, s\u00e5 send en mail til det specifikke lead p\u00e5 omr\u00e5det <\/h2>\t\t\t\t<\/div>\n\t\t\t\t<\/div>\n\t\t\t\t<\/div>\n\t\t<div class=\"elementor-element elementor-element-b2f453d e-con-full e-flex e-con e-parent\" data-id=\"b2f453d\" data-element_type=\"container\" data-e-type=\"container\" data-settings=\"{&quot;background_background&quot;:&quot;video&quot;}\">\n\t\t<div class=\"elementor-element elementor-element-e14e4c8 e-grid e-con-full e-con e-child\" data-id=\"e14e4c8\" data-element_type=\"container\" data-e-type=\"container\">\n\t\t\t\t<div class=\"elementor-element elementor-element-4fbbac8 elementor-widget elementor-widget-text-editor\" data-id=\"4fbbac8\" data-element_type=\"widget\" data-e-type=\"widget\" data-widget_type=\"text-editor.default\">\n\t\t\t\t<div class=\"elementor-widget-container\">\n\t\t\t\t\t\t\t\t\t<h6 style=\"text-align: center;\"><strong>Booking &#8211; Kommunikation &#8211; Design\u00a0<\/strong><br \/><strong><span style=\"color: #ff99cc;\"><a style=\"color: #ff99cc;\" href=\"http:\/\/Mailto:kommunikationssf@sdu.dk\" target=\"_blank\" rel=\"noopener\">kommunikationssf@sdu.dk<\/a><\/span><\/strong><\/h6>\t\t\t\t\t\t\t\t<\/div>\n\t\t\t\t<\/div>\n\t\t\t\t<div class=\"elementor-element elementor-element-4fdf33f elementor-widget elementor-widget-text-editor\" data-id=\"4fdf33f\" data-element_type=\"widget\" data-e-type=\"widget\" data-widget_type=\"text-editor.default\">\n\t\t\t\t<div class=\"elementor-widget-container\">\n\t\t\t\t\t\t\t\t\t<h6 style=\"text-align: center;\"><b>Bar &#8211; B\u00e6redygtighed<\/b><br \/><strong><span style=\"color: #ff99cc;\"><a style=\"color: #ff99cc;\" href=\"http:\/\/Mailto:produktionssf@sdu.dk\" target=\"_blank\" rel=\"noopener\">grkri@sdu.dk<\/a><\/span><\/strong><\/h6>\t\t\t\t\t\t\t\t<\/div>\n\t\t\t\t<\/div>\n\t\t\t\t<div class=\"elementor-element elementor-element-df458f9 elementor-widget elementor-widget-text-editor\" data-id=\"df458f9\" data-element_type=\"widget\" data-e-type=\"widget\" data-widget_type=\"text-editor.default\">\n\t\t\t\t<div class=\"elementor-widget-container\">\n\t\t\t\t\t\t\t\t\t<h6 style=\"text-align: center;\"><strong>Frivillighed\u00a0<\/strong><br \/><strong><span style=\"color: #ff99cc;\"><a style=\"color: #ff99cc;\" href=\"http:\/\/Mailto:barssf@sdu.dk\" target=\"_blank\" rel=\"noopener\">frivilligssf@sdu.dk<\/a><\/span><\/strong><\/h6>\t\t\t\t\t\t\t\t<\/div>\n\t\t\t\t<\/div>\n\t\t\t\t<div class=\"elementor-element elementor-element-657c310 elementor-widget elementor-widget-text-editor\" data-id=\"657c310\" data-element_type=\"widget\" data-e-type=\"widget\" data-widget_type=\"text-editor.default\">\n\t\t\t\t<div class=\"elementor-widget-container\">\n\t\t\t\t\t\t\t\t\t<h6 style=\"text-align: center;\"><strong>Lager &#8211; IT &#8211; Support\u00a0<\/strong><br \/><strong><span style=\"color: #ff99cc;\">lis<a style=\"color: #ff99cc;\" href=\"http:\/\/Mailto:barssf@sdu.dk\" target=\"_blank\" rel=\"noopener\">ssf@sdu.dk<\/a><\/span><\/strong><\/h6>\t\t\t\t\t\t\t\t<\/div>\n\t\t\t\t<\/div>\n\t\t\t\t<\/div>\n\t\t\t\t<\/div>\n\t\t<div class=\"elementor-element elementor-element-e8978f5 e-flex e-con-boxed e-con e-parent\" data-id=\"e8978f5\" data-element_type=\"container\" data-e-type=\"container\">\n\t\t\t\t\t<div class=\"e-con-inner\">\n\t\t\t\t\t<\/div>\n\t\t\t\t<\/div>\n\t\t\t\t<\/div>\n\t\t","protected":false},"excerpt":{"rendered":"<p>Bliv Co-Lead til ssf Kunne du t\u00e6nke dig at spille en st\u00f8rre rolle i planl\u00e6gningen af Semesterstartsfesten? S\u00e5 l\u00e6s om rollen som co-lead her Om at v\u00e6re co-lead Semesterstartsfesten er igen i \u00e5r 2 dage, hvor vi hver dag f\u00e5r bes\u00f8g af omkring 9000 festglade mennesker! For at stable 2 fede dage p\u00e5 benene, for [&hellip;]<\/p>\n","protected":false},"author":2,"featured_media":0,"parent":0,"menu_order":0,"comment_status":"closed","ping_status":"closed","template":"","meta":{"footnotes":""},"class_list":["post-2013","page","type-page","status-publish","hentry"],"_links":{"self":[{"href":"https:\/\/syddanskestuderende.dk\/eng\/wp-json\/wp\/v2\/pages\/2013","targetHints":{"allow":["GET"]}}],"collection":[{"href":"https:\/\/syddanskestuderende.dk\/eng\/wp-json\/wp\/v2\/pages"}],"about":[{"href":"https:\/\/syddanskestuderende.dk\/eng\/wp-json\/wp\/v2\/types\/page"}],"author":[{"embeddable":true,"href":"https:\/\/syddanskestuderende.dk\/eng\/wp-json\/wp\/v2\/users\/2"}],"replies":[{"embeddable":true,"href":"https:\/\/syddanskestuderende.dk\/eng\/wp-json\/wp\/v2\/comments?post=2013"}],"version-history":[{"count":69,"href":"https:\/\/syddanskestuderende.dk\/eng\/wp-json\/wp\/v2\/pages\/2013\/revisions"}],"predecessor-version":[{"id":7736,"href":"https:\/\/syddanskestuderende.dk\/eng\/wp-json\/wp\/v2\/pages\/2013\/revisions\/7736"}],"wp:attachment":[{"href":"https:\/\/syddanskestuderende.dk\/eng\/wp-json\/wp\/v2\/media?parent=2013"}],"curies":[{"name":"wp","href":"https:\/\/api.w.org\/{rel}","templated":true}]}}