{"id":2472,"date":"2024-08-22T13:52:34","date_gmt":"2024-08-22T11:52:34","guid":{"rendered":"https:\/\/syddanskestuderende.dk\/?page_id=2472"},"modified":"2025-06-09T19:58:15","modified_gmt":"2025-06-09T17:58:15","slug":"ssf-2025","status":"publish","type":"page","link":"https:\/\/syddanskestuderende.dk\/eng\/ssf-2025\/","title":{"rendered":"2025 &#8211; SSF"},"content":{"rendered":"<div data-elementor-type=\"wp-page\" data-elementor-id=\"2472\" class=\"elementor elementor-2472\" data-elementor-post-type=\"page\">\n\t\t\t\t<div class=\"elementor-element elementor-element-90527cd e-con-full e-flex e-con e-parent\" data-id=\"90527cd\" data-element_type=\"container\" data-e-type=\"container\" data-settings=\"{&quot;background_background&quot;:&quot;gradient&quot;}\">\n\t\t<div class=\"elementor-element elementor-element-b563604 e-con-full e-flex e-con e-child\" data-id=\"b563604\" data-element_type=\"container\" data-e-type=\"container\" data-settings=\"{&quot;background_background&quot;:&quot;gradient&quot;}\">\n\t\t\t\t<div class=\"elementor-element elementor-element-c621fdc elementor-widget elementor-widget-heading\" data-id=\"c621fdc\" data-element_type=\"widget\" data-e-type=\"widget\" data-widget_type=\"heading.default\">\n\t\t\t\t<div class=\"elementor-widget-container\">\n\t\t\t\t\t<h2 class=\"elementor-heading-title elementor-size-default\">SSF 2025<\/h2>\t\t\t\t<\/div>\n\t\t\t\t<\/div>\n\t\t\t\t<div class=\"elementor-element elementor-element-99ae7bd elementor-widget elementor-widget-text-editor\" data-id=\"99ae7bd\" data-element_type=\"widget\" data-e-type=\"widget\" data-widget_type=\"text-editor.default\">\n\t\t\t\t<div class=\"elementor-widget-container\">\n\t\t\t\t\t\t\t\t\t<div class=\"x78zum5\" role=\"none\"><div class=\"x78zum5 x1iyjqo2 xs83m0k xeuugli\" role=\"none\"><div class=\"html-div xe8uvvx xdj266r x11i5rnm xat24cr x1mh8g0r xexx8yu x4uap5 x18d9i69 xkhd6sd x1h91t0o xkh2ocl x78zum5 xdt5ytf x13a6bvl x193iq5w x1eb86dx xeuugli\" role=\"presentation\"><div class=\"html-div xe8uvvx xdj266r x11i5rnm xat24cr x1mh8g0r xexx8yu x4uap5 x18d9i69 xkhd6sd x78zum5 xh8yej3\" role=\"presentation\"><div class=\"x1cy8zhl x78zum5 xdt5ytf x193iq5w x1n2onr6 x1kxipp6\"><div class=\"x78zum5 xh8yej3\" role=\"none\"><div class=\"html-div xe8uvvx xdj266r x11i5rnm xat24cr x1mh8g0r xexx8yu x4uap5 x18d9i69 xkhd6sd x6ikm8r x10wlt62\"><div class=\"html-div xe8uvvx xdj266r x11i5rnm xat24cr x1mh8g0r x1tlxs6b x1g8br2z x1gn5b1j x230xth x14ctfv x1okitfd x1k4qllp x6ikm8r x10wlt62 x1y1aw1k xwib8y2 x1ye3gou xn6708d x1n2onr6 x1vjfegm x1mzt3pk x13faqbe x1xr0vuk x1jm4cbz x1lmq8lz xrrpcnn x1xtl47e x13fuv20 xu3j5b3 x1q0q8m5 x26u7qi x19livfd x2t687o x3p3xfz x5od304\" role=\"presentation\"><div class=\"html-div xe8uvvx xexx8yu x4uap5 x18d9i69 xkhd6sd x1gslohp x11i5rnm x12nagc x1mh8g0r x1yc453h x126k92a x18lvrbx\" dir=\"auto\">Her p\u00e5 siden kan du finde informationer omkring Semesterstartsfesten 2025<\/div><\/div><\/div><\/div><\/div><\/div><\/div><\/div><\/div>\t\t\t\t\t\t\t\t<\/div>\n\t\t\t\t<\/div>\n\t\t\t\t<\/div>\n\t\t<div class=\"elementor-element elementor-element-450d363 e-con-full e-flex e-con e-child\" data-id=\"450d363\" data-element_type=\"container\" data-e-type=\"container\" data-settings=\"{&quot;background_background&quot;:&quot;classic&quot;}\">\n\t\t\t\t<\/div>\n\t\t\t\t<\/div>\n\t\t<div class=\"elementor-element elementor-element-1aec843 e-flex e-con-boxed e-con e-parent\" data-id=\"1aec843\" data-element_type=\"container\" data-e-type=\"container\">\n\t\t\t\t\t<div class=\"e-con-inner\">\n\t\t\t\t<div class=\"elementor-element elementor-element-898afa6 elementor-widget elementor-widget-video\" data-id=\"898afa6\" data-element_type=\"widget\" data-e-type=\"widget\" data-settings=\"{&quot;youtube_url&quot;:&quot;https:\\\/\\\/youtu.be\\\/iOYTfg0uqGI&quot;,&quot;autoplay&quot;:&quot;yes&quot;,&quot;play_on_mobile&quot;:&quot;yes&quot;,&quot;loop&quot;:&quot;yes&quot;,&quot;yt_privacy&quot;:&quot;yes&quot;,&quot;video_type&quot;:&quot;youtube&quot;}\" data-widget_type=\"video.default\">\n\t\t\t\t<div class=\"elementor-widget-container\">\n\t\t\t\t\t\t\t<div class=\"elementor-wrapper elementor-open-inline\">\n\t\t\t<div class=\"elementor-video\"><\/div>\t\t<\/div>\n\t\t\t\t\t\t<\/div>\n\t\t\t\t<\/div>\n\t\t\t\t\t<\/div>\n\t\t\t\t<\/div>\n\t\t<div class=\"elementor-element elementor-element-31b815c2 e-con-full e-flex e-con e-parent\" data-id=\"31b815c2\" data-element_type=\"container\" data-e-type=\"container\" data-settings=\"{&quot;background_background&quot;:&quot;classic&quot;}\">\n\t\t\t\t<div class=\"elementor-element elementor-element-216c72e6 elementor-widget__width-initial elementor-invisible elementor-widget elementor-widget-heading\" data-id=\"216c72e6\" data-element_type=\"widget\" data-e-type=\"widget\" data-settings=\"{&quot;_animation&quot;:&quot;fadeIn&quot;}\" data-widget_type=\"heading.default\">\n\t\t\t\t<div class=\"elementor-widget-container\">\n\t\t\t\t\t<h2 class=\"elementor-heading-title elementor-size-default\">Information om SSF 2025<\/h2>\t\t\t\t<\/div>\n\t\t\t\t<\/div>\n\t\t\t\t<\/div>\n\t\t<div class=\"elementor-element elementor-element-b8ab0ac e-flex e-con-boxed e-con e-parent\" data-id=\"b8ab0ac\" data-element_type=\"container\" data-e-type=\"container\" data-settings=\"{&quot;background_background&quot;:&quot;classic&quot;}\">\n\t\t\t\t\t<div class=\"e-con-inner\">\n\t\t<div class=\"elementor-element elementor-element-324397ab e-con-full e-flex e-con e-child\" data-id=\"324397ab\" data-element_type=\"container\" data-e-type=\"container\">\n\t\t\t\t<div class=\"elementor-element elementor-element-626749e elementor-widget-tablet__width-initial elementor-widget-mobile__width-inherit elementor-widget__width-initial elementor-position-top elementor-widget elementor-widget-image-box\" data-id=\"626749e\" data-element_type=\"widget\" data-e-type=\"widget\" data-widget_type=\"image-box.default\">\n\t\t\t\t<div class=\"elementor-widget-container\">\n\t\t\t\t\t<div class=\"elementor-image-box-wrapper\"><figure class=\"elementor-image-box-img\"><a href=\"https:\/\/syddanskestuderende.dk\/eng\/generel-info\/\" tabindex=\"-1\"><img fetchpriority=\"high\" decoding=\"async\" width=\"1080\" height=\"1350\" src=\"https:\/\/syddanskestuderende.dk\/wp-content\/uploads\/2024\/08\/SSF_Generel2.jpg\" class=\"elementor-animation-grow attachment-full size-full wp-image-2547\" alt=\"\" srcset=\"https:\/\/syddanskestuderende.dk\/wp-content\/uploads\/2024\/08\/SSF_Generel2.jpg 1080w, https:\/\/syddanskestuderende.dk\/wp-content\/uploads\/2024\/08\/SSF_Generel2-240x300.jpg 240w, https:\/\/syddanskestuderende.dk\/wp-content\/uploads\/2024\/08\/SSF_Generel2-819x1024.jpg 819w, https:\/\/syddanskestuderende.dk\/wp-content\/uploads\/2024\/08\/SSF_Generel2-768x960.jpg 768w\" sizes=\"(max-width: 1080px) 100vw, 1080px\" \/><\/a><\/figure><div class=\"elementor-image-box-content\"><h4 class=\"elementor-image-box-title\"><a href=\"https:\/\/syddanskestuderende.dk\/eng\/generel-info\/\">General info<\/a><\/h4><p class=\"elementor-image-box-description\">L\u00e6s mere generel info om Semesterstartsfesten 2025<\/p><\/div><\/div>\t\t\t\t<\/div>\n\t\t\t\t<\/div>\n\t\t\t\t<div class=\"elementor-element elementor-element-69841a04 elementor-widget-tablet__width-initial elementor-widget-mobile__width-inherit elementor-widget__width-initial elementor-position-top elementor-widget elementor-widget-image-box\" data-id=\"69841a04\" data-element_type=\"widget\" data-e-type=\"widget\" data-widget_type=\"image-box.default\">\n\t\t\t\t<div class=\"elementor-widget-container\">\n\t\t\t\t\t<div class=\"elementor-image-box-wrapper\"><figure class=\"elementor-image-box-img\"><a href=\"https:\/\/syddanskestuderende.dk\/eng\/bliv-frivillig\/\" tabindex=\"-1\"><img decoding=\"async\" src=\"https:\/\/syddanskestuderende.dk\/wp-content\/uploads\/2025\/05\/IMG_8621-2-2.jpg\" title=\"\" alt=\"\" class=\"elementor-animation-grow\" loading=\"lazy\" \/><\/a><\/figure><div class=\"elementor-image-box-content\"><h4 class=\"elementor-image-box-title\"><a href=\"https:\/\/syddanskestuderende.dk\/eng\/bliv-frivillig\/\">Volunteer<\/a><\/h4><p class=\"elementor-image-box-description\">L\u00e6s mere om at v\u00e6re frivillig<\/p><\/div><\/div>\t\t\t\t<\/div>\n\t\t\t\t<\/div>\n\t\t\t\t<div class=\"elementor-element elementor-element-13743fa2 elementor-widget-tablet__width-initial elementor-widget-mobile__width-inherit elementor-widget__width-initial elementor-position-top elementor-widget elementor-widget-image-box\" data-id=\"13743fa2\" data-element_type=\"widget\" data-e-type=\"widget\" data-widget_type=\"image-box.default\">\n\t\t\t\t<div class=\"elementor-widget-container\">\n\t\t\t\t\t<div class=\"elementor-image-box-wrapper\"><figure class=\"elementor-image-box-img\"><a href=\"https:\/\/syddanskestuderende.dk\/eng\/bliv-arrangor\/\" tabindex=\"-1\"><img decoding=\"async\" src=\"https:\/\/syddanskestuderende.dk\/wp-content\/uploads\/2025\/05\/IMG_8581.jpg\" title=\"\" alt=\"\" class=\"elementor-animation-grow\" loading=\"lazy\" \/><\/a><\/figure><div class=\"elementor-image-box-content\"><h4 class=\"elementor-image-box-title\"><a href=\"https:\/\/syddanskestuderende.dk\/eng\/bliv-arrangor\/\">Bliv co-lead<\/a><\/h4><p class=\"elementor-image-box-description\">\u00d8nsker du at v\u00e6re med til at arrangere Semesterstartsfesten? \nL\u00e6s mere om at blive co-lead <\/p><\/div><\/div>\t\t\t\t<\/div>\n\t\t\t\t<\/div>\n\t\t\t\t<div class=\"elementor-element elementor-element-7b1744f2 elementor-widget-tablet__width-initial elementor-widget-mobile__width-inherit elementor-widget__width-initial elementor-position-top elementor-widget elementor-widget-image-box\" data-id=\"7b1744f2\" data-element_type=\"widget\" data-e-type=\"widget\" data-widget_type=\"image-box.default\">\n\t\t\t\t<div class=\"elementor-widget-container\">\n\t\t\t\t\t<div class=\"elementor-image-box-wrapper\"><figure class=\"elementor-image-box-img\"><a href=\"https:\/\/syddanskestuderende.dk\/eng\/samarbejdspartnere\/\" tabindex=\"-1\"><img decoding=\"async\" src=\"https:\/\/syddanskestuderende.dk\/wp-content\/uploads\/2025\/06\/IMG_5573-2-2-scaled.jpg\" title=\"\" alt=\"\" class=\"elementor-animation-grow\" loading=\"lazy\" \/><\/a><\/figure><div class=\"elementor-image-box-content\"><h4 class=\"elementor-image-box-title\"><a href=\"https:\/\/syddanskestuderende.dk\/eng\/samarbejdspartnere\/\">Partners<\/a><\/h4><p class=\"elementor-image-box-description\">Read more about our partners<\/p><\/div><\/div>\t\t\t\t<\/div>\n\t\t\t\t<\/div>\n\t\t\t\t<div class=\"elementor-element elementor-element-9aeff7d elementor-widget-tablet__width-initial elementor-widget-mobile__width-inherit elementor-widget__width-initial elementor-position-top elementor-widget elementor-widget-image-box\" data-id=\"9aeff7d\" data-element_type=\"widget\" data-e-type=\"widget\" data-widget_type=\"image-box.default\">\n\t\t\t\t<div class=\"elementor-widget-container\">\n\t\t\t\t\t<div class=\"elementor-image-box-wrapper\"><figure class=\"elementor-image-box-img\"><a href=\"https:\/\/syddanskestuderende.dk\/eng\/regler-sikkerhed\/\" tabindex=\"-1\"><img decoding=\"async\" width=\"1078\" height=\"1351\" src=\"https:\/\/syddanskestuderende.dk\/wp-content\/uploads\/2024\/08\/022-e1728318890587.jpg\" class=\"elementor-animation-grow attachment-full size-full wp-image-2238\" alt=\"\" srcset=\"https:\/\/syddanskestuderende.dk\/wp-content\/uploads\/2024\/08\/022-e1728318890587.jpg 1078w, https:\/\/syddanskestuderende.dk\/wp-content\/uploads\/2024\/08\/022-e1728318890587-239x300.jpg 239w, https:\/\/syddanskestuderende.dk\/wp-content\/uploads\/2024\/08\/022-e1728318890587-817x1024.jpg 817w, https:\/\/syddanskestuderende.dk\/wp-content\/uploads\/2024\/08\/022-e1728318890587-768x962.jpg 768w\" sizes=\"(max-width: 1078px) 100vw, 1078px\" \/><\/a><\/figure><div class=\"elementor-image-box-content\"><h4 class=\"elementor-image-box-title\"><a href=\"https:\/\/syddanskestuderende.dk\/eng\/regler-sikkerhed\/\">Regler &amp; Sikkerhed<\/a><\/h4><p class=\"elementor-image-box-description\">L\u00e6s mere om vores regler &amp; sikkerhed<\/p><\/div><\/div>\t\t\t\t<\/div>\n\t\t\t\t<\/div>\n\t\t\t\t<\/div>\n\t\t\t\t\t<\/div>\n\t\t\t\t<\/div>\n\t\t\t\t<\/div>","protected":false},"excerpt":{"rendered":"<p>SSF 2025 Her p\u00e5 siden kan du finde informationer omkring Semesterstartsfesten 2025https:\/\/youtu.be\/iOYTfg0uqGI Information om SSF 2025 Generel info L\u00e6s mere generel info om Semesterstartsfesten 2025 Bliv frivillig L\u00e6s mere om at v\u00e6re frivillig Bliv co-lead \u00d8nsker du at v\u00e6re med til at arrangere Semesterstartsfesten? L\u00e6s mere om at blive co-lead Samarbejdspartnere L\u00e6s mere om vores [&hellip;]<\/p>\n","protected":false},"author":2,"featured_media":0,"parent":0,"menu_order":0,"comment_status":"closed","ping_status":"closed","template":"","meta":{"footnotes":""},"class_list":["post-2472","page","type-page","status-publish","hentry"],"_links":{"self":[{"href":"https:\/\/syddanskestuderende.dk\/eng\/wp-json\/wp\/v2\/pages\/2472","targetHints":{"allow":["GET"]}}],"collection":[{"href":"https:\/\/syddanskestuderende.dk\/eng\/wp-json\/wp\/v2\/pages"}],"about":[{"href":"https:\/\/syddanskestuderende.dk\/eng\/wp-json\/wp\/v2\/types\/page"}],"author":[{"embeddable":true,"href":"https:\/\/syddanskestuderende.dk\/eng\/wp-json\/wp\/v2\/users\/2"}],"replies":[{"embeddable":true,"href":"https:\/\/syddanskestuderende.dk\/eng\/wp-json\/wp\/v2\/comments?post=2472"}],"version-history":[{"count":61,"href":"https:\/\/syddanskestuderende.dk\/eng\/wp-json\/wp\/v2\/pages\/2472\/revisions"}],"predecessor-version":[{"id":6039,"href":"https:\/\/syddanskestuderende.dk\/eng\/wp-json\/wp\/v2\/pages\/2472\/revisions\/6039"}],"wp:attachment":[{"href":"https:\/\/syddanskestuderende.dk\/eng\/wp-json\/wp\/v2\/media?parent=2472"}],"curies":[{"name":"wp","href":"https:\/\/api.w.org\/{rel}","templated":true}]}}