{"id":2829,"date":"2024-08-23T19:46:38","date_gmt":"2024-08-23T17:46:38","guid":{"rendered":"https:\/\/syddanskestuderende.dk\/?page_id=2829"},"modified":"2025-06-09T20:48:26","modified_gmt":"2025-06-09T18:48:26","slug":"samarbejdspartnere","status":"publish","type":"page","link":"https:\/\/syddanskestuderende.dk\/eng\/samarbejdspartnere\/","title":{"rendered":"Samarbejdspartnere &#8211; SSF"},"content":{"rendered":"<div data-elementor-type=\"wp-page\" data-elementor-id=\"2829\" class=\"elementor elementor-2829\" data-elementor-post-type=\"page\">\n\t\t\t\t<div class=\"elementor-element elementor-element-0fd97cd e-con-full e-flex e-con e-parent\" data-id=\"0fd97cd\" data-element_type=\"container\" data-e-type=\"container\" data-settings=\"{&quot;background_background&quot;:&quot;gradient&quot;}\">\n\t\t<div class=\"elementor-element elementor-element-ae4203d e-con-full e-flex e-con e-child\" data-id=\"ae4203d\" data-element_type=\"container\" data-e-type=\"container\" data-settings=\"{&quot;background_background&quot;:&quot;gradient&quot;}\">\n\t\t\t\t<div class=\"elementor-element elementor-element-684e7d9 elementor-widget elementor-widget-heading\" data-id=\"684e7d9\" data-element_type=\"widget\" data-e-type=\"widget\" data-widget_type=\"heading.default\">\n\t\t\t\t<div class=\"elementor-widget-container\">\n\t\t\t\t\t<h2 class=\"elementor-heading-title elementor-size-default\">Partners SSF<\/h2>\t\t\t\t<\/div>\n\t\t\t\t<\/div>\n\t\t\t\t<div class=\"elementor-element elementor-element-4795410 elementor-widget elementor-widget-text-editor\" data-id=\"4795410\" data-element_type=\"widget\" data-e-type=\"widget\" data-widget_type=\"text-editor.default\">\n\t\t\t\t<div class=\"elementor-widget-container\">\n\t\t\t\t\t\t\t\t\t<div class=\"x78zum5\" role=\"none\"><div class=\"x78zum5 x1iyjqo2 xs83m0k xeuugli\" role=\"none\"><div class=\"html-div xe8uvvx xdj266r x11i5rnm xat24cr x1mh8g0r xexx8yu x4uap5 x18d9i69 xkhd6sd x1h91t0o xkh2ocl x78zum5 xdt5ytf x13a6bvl x193iq5w x1eb86dx xeuugli\" role=\"presentation\"><div class=\"html-div xe8uvvx xdj266r x11i5rnm xat24cr x1mh8g0r xexx8yu x4uap5 x18d9i69 xkhd6sd x78zum5 xh8yej3\" role=\"presentation\"><div class=\"x1cy8zhl x78zum5 xdt5ytf x193iq5w x1n2onr6 x1kxipp6\"><div class=\"x78zum5 xh8yej3\" role=\"none\"><div class=\"html-div xe8uvvx xdj266r x11i5rnm xat24cr x1mh8g0r xexx8yu x4uap5 x18d9i69 xkhd6sd x6ikm8r x10wlt62\"><div class=\"html-div xe8uvvx xdj266r x11i5rnm xat24cr x1mh8g0r x1tlxs6b x1g8br2z x1gn5b1j x230xth x14ctfv x1okitfd x1k4qllp x6ikm8r x10wlt62 x1y1aw1k xwib8y2 x1ye3gou xn6708d x1n2onr6 x1vjfegm x1mzt3pk x13faqbe x1xr0vuk x1jm4cbz x1lmq8lz xrrpcnn x1xtl47e x13fuv20 xu3j5b3 x1q0q8m5 x26u7qi x19livfd x2t687o x3p3xfz x5od304\" role=\"presentation\"><div class=\"html-div xe8uvvx xexx8yu x4uap5 x18d9i69 xkhd6sd x1gslohp x11i5rnm x12nagc x1mh8g0r x1yc453h x126k92a x18lvrbx\" dir=\"auto\">On this page you can see Semesterstartsfesten's proud partners who help make the whole event possible.<\/div><\/div><\/div><\/div><\/div><\/div><\/div><\/div><\/div>\t\t\t\t\t\t\t\t<\/div>\n\t\t\t\t<\/div>\n\t\t\t\t<\/div>\n\t\t<div class=\"elementor-element elementor-element-07ac565 e-con-full e-flex e-con e-child\" data-id=\"07ac565\" data-element_type=\"container\" data-e-type=\"container\" data-settings=\"{&quot;background_background&quot;:&quot;classic&quot;}\">\n\t\t\t\t<\/div>\n\t\t\t\t<\/div>\n\t\t<div class=\"elementor-element elementor-element-33da69e e-con-full e-flex e-con e-parent\" data-id=\"33da69e\" data-element_type=\"container\" data-e-type=\"container\" data-settings=\"{&quot;background_background&quot;:&quot;classic&quot;}\">\n\t\t<div class=\"elementor-element elementor-element-5df189f e-flex e-con-boxed e-con e-child\" data-id=\"5df189f\" data-element_type=\"container\" data-e-type=\"container\">\n\t\t\t\t\t<div class=\"e-con-inner\">\n\t\t\t\t<div class=\"elementor-element elementor-element-5cc17a30 elementor-widget__width-inherit elementor-widget elementor-widget-heading\" data-id=\"5cc17a30\" data-element_type=\"widget\" data-e-type=\"widget\" data-widget_type=\"heading.default\">\n\t\t\t\t<div class=\"elementor-widget-container\">\n\t\t\t\t\t<h2 class=\"elementor-heading-title elementor-size-default\">Thank you to our partners<\/h2>\t\t\t\t<\/div>\n\t\t\t\t<\/div>\n\t\t\t\t<div class=\"elementor-element elementor-element-4e7afbc0 elementor-widget__width-inherit elementor-widget elementor-widget-heading\" data-id=\"4e7afbc0\" data-element_type=\"widget\" data-e-type=\"widget\" data-widget_type=\"heading.default\">\n\t\t\t\t<div class=\"elementor-widget-container\">\n\t\t\t\t\t<span class=\"elementor-heading-title elementor-size-default\">Royal UniBrew is our main supplier, providing a selection of cold beverages for the event.\nWe are grateful for their support, which helps make the entire party possible.<\/span>\t\t\t\t<\/div>\n\t\t\t\t<\/div>\n\t\t\t\t<div class=\"elementor-element elementor-element-897abb2 elementor-widget elementor-widget-gallery\" data-id=\"897abb2\" data-element_type=\"widget\" data-e-type=\"widget\" data-settings=\"{&quot;columns_mobile&quot;:2,&quot;lazyload&quot;:&quot;yes&quot;,&quot;gallery_layout&quot;:&quot;grid&quot;,&quot;columns&quot;:4,&quot;columns_tablet&quot;:2,&quot;gap&quot;:{&quot;unit&quot;:&quot;px&quot;,&quot;size&quot;:10,&quot;sizes&quot;:[]},&quot;gap_tablet&quot;:{&quot;unit&quot;:&quot;px&quot;,&quot;size&quot;:10,&quot;sizes&quot;:[]},&quot;gap_mobile&quot;:{&quot;unit&quot;:&quot;px&quot;,&quot;size&quot;:10,&quot;sizes&quot;:[]},&quot;link_to&quot;:&quot;file&quot;,&quot;aspect_ratio&quot;:&quot;3:2&quot;,&quot;overlay_background&quot;:&quot;yes&quot;,&quot;content_hover_animation&quot;:&quot;fade-in&quot;}\" data-widget_type=\"gallery.default\">\n\t\t\t\t<div class=\"elementor-widget-container\">\n\t\t\t\t\t\t\t<div class=\"elementor-gallery__container\">\n\t\t\t\t\t<\/div>\n\t\t\t\t\t<\/div>\n\t\t\t\t<\/div>\n\t\t\t\t\t<\/div>\n\t\t\t\t<\/div>\n\t\t<div class=\"elementor-element elementor-element-cad88c7 e-con-full e-flex e-con e-child\" data-id=\"cad88c7\" data-element_type=\"container\" data-e-type=\"container\">\n\t\t\t\t<div class=\"elementor-element elementor-element-366cea8c elementor-cta--layout-image-right elementor-cta--mobile-layout-image-above elementor-widget__width-inherit elementor-cta--skin-classic elementor-animated-content elementor-widget elementor-widget-call-to-action\" data-id=\"366cea8c\" data-element_type=\"widget\" data-e-type=\"widget\" data-widget_type=\"call-to-action.default\">\n\t\t\t\t<div class=\"elementor-widget-container\">\n\t\t\t\t\t\t\t<div class=\"elementor-cta\">\n\t\t\t\t\t<div class=\"elementor-cta__bg-wrapper\">\n\t\t\t\t<div class=\"elementor-cta__bg elementor-bg\" style=\"background-image: url(https:\/\/syddanskestuderende.dk\/wp-content\/uploads\/2024\/08\/royalol-i-spand-1536x849.jpg);\" role=\"img\" aria-label=\"royal\u00f8l-i-spand\"><\/div>\n\t\t\t\t<div class=\"elementor-cta__bg-overlay\"><\/div>\n\t\t\t<\/div>\n\t\t\t\t\t\t\t<div class=\"elementor-cta__content\">\n\t\t\t\t\t\t\t\t\t<div class=\"elementor-content-item elementor-cta__content-item elementor-cta__image\">\n\t\t\t\t\t\t<img fetchpriority=\"high\" decoding=\"async\" width=\"954\" height=\"614\" src=\"https:\/\/syddanskestuderende.dk\/wp-content\/uploads\/2024\/08\/svg-path-1.png\" class=\"attachment-full size-full wp-image-839\" alt=\"\" srcset=\"https:\/\/syddanskestuderende.dk\/wp-content\/uploads\/2024\/08\/svg-path-1.png 954w, https:\/\/syddanskestuderende.dk\/wp-content\/uploads\/2024\/08\/svg-path-1-300x193.png 300w, https:\/\/syddanskestuderende.dk\/wp-content\/uploads\/2024\/08\/svg-path-1-768x494.png 768w\" sizes=\"(max-width: 954px) 100vw, 954px\" \/>\t\t\t\t\t<\/div>\n\t\t\t\t\n\t\t\t\t\n\t\t\t\t\t\t\t\t\t<div class=\"elementor-cta__description elementor-cta__content-item elementor-content-item\">\n\t\t\t\t\t\tRoyal Unibrew is built on many years of Danish brewing tradition. We have strong local roots and are today Denmark\u2019s second-largest brewery group. We take pride in our heritage, which is why we produce more than 500 different products in Denmark at two modern breweries located in Faxe and Odense.\t\t\t\t\t<\/div>\n\t\t\t\t\n\t\t\t\t\t\t\t<\/div>\n\t\t\t\t\t\t<\/div>\n\t\t\t\t\t\t<\/div>\n\t\t\t\t<\/div>\n\t\t\t\t<div class=\"elementor-element elementor-element-53637c6a elementor-cta--layout-image-left elementor-cta--mobile-layout-image-above elementor-widget__width-inherit elementor-cta--skin-classic elementor-animated-content elementor-widget elementor-widget-call-to-action\" data-id=\"53637c6a\" data-element_type=\"widget\" data-e-type=\"widget\" data-widget_type=\"call-to-action.default\">\n\t\t\t\t<div class=\"elementor-widget-container\">\n\t\t\t\t\t\t\t<div class=\"elementor-cta\">\n\t\t\t\t\t\t\t<div class=\"elementor-cta__content\">\n\t\t\t\t\n\t\t\t\t\n\t\t\t\t\n\t\t\t\t\t\t\t<\/div>\n\t\t\t\t\t\t<\/div>\n\t\t\t\t\t\t<\/div>\n\t\t\t\t<\/div>\n\t\t\t\t<\/div>\n\t\t\t\t<\/div>\n\t\t\t\t<\/div>","protected":false},"excerpt":{"rendered":"<p>Samarbejdspartnere SSF Her p\u00e5 siden kan du se Semesterstartsfestens stolte samarbejdspartnere der hj\u00e6lper med at g\u00f8re hele festen mulig. Tak til vores samarbejdspartnere Royal UniBrew er vores hovedleverand\u00f8r, som s\u00f8rger for et udvalg af kolde drikkevarer til arrangementet. Vi er glade for deres st\u00f8tte, som er med til at g\u00f8re hele festen mulig. Royal Unibrew [&hellip;]<\/p>\n","protected":false},"author":2,"featured_media":0,"parent":0,"menu_order":0,"comment_status":"closed","ping_status":"closed","template":"","meta":{"footnotes":""},"class_list":["post-2829","page","type-page","status-publish","hentry"],"_links":{"self":[{"href":"https:\/\/syddanskestuderende.dk\/eng\/wp-json\/wp\/v2\/pages\/2829","targetHints":{"allow":["GET"]}}],"collection":[{"href":"https:\/\/syddanskestuderende.dk\/eng\/wp-json\/wp\/v2\/pages"}],"about":[{"href":"https:\/\/syddanskestuderende.dk\/eng\/wp-json\/wp\/v2\/types\/page"}],"author":[{"embeddable":true,"href":"https:\/\/syddanskestuderende.dk\/eng\/wp-json\/wp\/v2\/users\/2"}],"replies":[{"embeddable":true,"href":"https:\/\/syddanskestuderende.dk\/eng\/wp-json\/wp\/v2\/comments?post=2829"}],"version-history":[{"count":50,"href":"https:\/\/syddanskestuderende.dk\/eng\/wp-json\/wp\/v2\/pages\/2829\/revisions"}],"predecessor-version":[{"id":6093,"href":"https:\/\/syddanskestuderende.dk\/eng\/wp-json\/wp\/v2\/pages\/2829\/revisions\/6093"}],"wp:attachment":[{"href":"https:\/\/syddanskestuderende.dk\/eng\/wp-json\/wp\/v2\/media?parent=2829"}],"curies":[{"name":"wp","href":"https:\/\/api.w.org\/{rel}","templated":true}]}}