{"id":3797,"date":"2024-10-16T13:14:08","date_gmt":"2024-10-16T11:14:08","guid":{"rendered":"https:\/\/syddanskestuderende.dk\/?page_id=3797"},"modified":"2024-10-30T23:43:05","modified_gmt":"2024-10-30T22:43:05","slug":"samarbejdspartnere-institutdysten","status":"publish","type":"page","link":"https:\/\/syddanskestuderende.dk\/eng\/samarbejdspartnere-institutdysten\/","title":{"rendered":"Samarbejdspartnere &#8211; Institutdyst"},"content":{"rendered":"<div data-elementor-type=\"wp-page\" data-elementor-id=\"3797\" class=\"elementor elementor-3797\" data-elementor-post-type=\"page\">\n\t\t\t\t<div class=\"elementor-element elementor-element-7d59246 e-con-full e-flex e-con e-parent\" data-id=\"7d59246\" data-element_type=\"container\" data-e-type=\"container\" data-settings=\"{&quot;background_background&quot;:&quot;classic&quot;}\">\n\t\t<div class=\"elementor-element elementor-element-d083224 e-con-full e-flex e-con e-child\" data-id=\"d083224\" data-element_type=\"container\" data-e-type=\"container\" data-settings=\"{&quot;background_background&quot;:&quot;gradient&quot;}\">\n\t\t\t\t<div class=\"elementor-element elementor-element-9ab6a86 elementor-widget elementor-widget-heading\" data-id=\"9ab6a86\" data-element_type=\"widget\" data-e-type=\"widget\" data-widget_type=\"heading.default\">\n\t\t\t\t<div class=\"elementor-widget-container\">\n\t\t\t\t\t<h2 class=\"elementor-heading-title elementor-size-default\">Partners at Institutdysten<\/h2>\t\t\t\t<\/div>\n\t\t\t\t<\/div>\n\t\t\t\t<div class=\"elementor-element elementor-element-4440881 elementor-widget elementor-widget-text-editor\" data-id=\"4440881\" data-element_type=\"widget\" data-e-type=\"widget\" data-widget_type=\"text-editor.default\">\n\t\t\t\t<div class=\"elementor-widget-container\">\n\t\t\t\t\t\t\t\t\t<div class=\"x78zum5\" role=\"none\"><div class=\"x78zum5 x1iyjqo2 xs83m0k xeuugli\" role=\"none\"><div class=\"html-div xe8uvvx xdj266r x11i5rnm xat24cr x1mh8g0r xexx8yu x4uap5 x18d9i69 xkhd6sd x1h91t0o xkh2ocl x78zum5 xdt5ytf x13a6bvl x193iq5w x1eb86dx xeuugli\" role=\"presentation\"><div class=\"html-div xe8uvvx xdj266r x11i5rnm xat24cr x1mh8g0r xexx8yu x4uap5 x18d9i69 xkhd6sd x78zum5 xh8yej3\" role=\"presentation\"><div class=\"x1cy8zhl x78zum5 xdt5ytf x193iq5w x1n2onr6 x1kxipp6\"><div class=\"x78zum5 xh8yej3\" role=\"none\"><div class=\"html-div xe8uvvx xdj266r x11i5rnm xat24cr x1mh8g0r xexx8yu x4uap5 x18d9i69 xkhd6sd x6ikm8r x10wlt62\"><div class=\"html-div xe8uvvx xdj266r x11i5rnm xat24cr x1mh8g0r x1tlxs6b x1g8br2z x1gn5b1j x230xth x14ctfv x1okitfd x1k4qllp x6ikm8r x10wlt62 x1y1aw1k xwib8y2 x1ye3gou xn6708d x1n2onr6 x1vjfegm x1mzt3pk x13faqbe x1xr0vuk x1jm4cbz x1lmq8lz xrrpcnn x1xtl47e x13fuv20 xu3j5b3 x1q0q8m5 x26u7qi x19livfd x2t687o x3p3xfz x5od304\" role=\"presentation\"><div class=\"html-div xe8uvvx xexx8yu x4uap5 x18d9i69 xkhd6sd x1gslohp x11i5rnm x12nagc x1mh8g0r x1yc453h x126k92a x18lvrbx\" dir=\"auto\">On this page you can see Institutdysten's proud partners who help make it all possible.<\/div><\/div><\/div><\/div><\/div><\/div><\/div><\/div><\/div>\t\t\t\t\t\t\t\t<\/div>\n\t\t\t\t<\/div>\n\t\t\t\t<\/div>\n\t\t<div class=\"elementor-element elementor-element-1d19878 e-con-full e-flex e-con e-child\" data-id=\"1d19878\" data-element_type=\"container\" data-e-type=\"container\" data-settings=\"{&quot;background_background&quot;:&quot;classic&quot;}\">\n\t\t\t\t<\/div>\n\t\t\t\t<\/div>\n\t\t<div class=\"elementor-element elementor-element-c34e536 e-con-full e-flex e-con e-parent\" data-id=\"c34e536\" data-element_type=\"container\" data-e-type=\"container\" data-settings=\"{&quot;background_background&quot;:&quot;classic&quot;}\">\n\t\t<div class=\"elementor-element elementor-element-fd4328a e-flex e-con-boxed e-con e-child\" data-id=\"fd4328a\" data-element_type=\"container\" data-e-type=\"container\">\n\t\t\t\t\t<div class=\"e-con-inner\">\n\t\t\t\t<div class=\"elementor-element elementor-element-f21f7f9 elementor-widget__width-inherit elementor-widget elementor-widget-heading\" data-id=\"f21f7f9\" data-element_type=\"widget\" data-e-type=\"widget\" data-widget_type=\"heading.default\">\n\t\t\t\t<div class=\"elementor-widget-container\">\n\t\t\t\t\t<h2 class=\"elementor-heading-title elementor-size-default\">Thank you to our partners<\/h2>\t\t\t\t<\/div>\n\t\t\t\t<\/div>\n\t\t\t\t\t<\/div>\n\t\t\t\t<\/div>\n\t\t\t\t<\/div>\n\t\t<div class=\"elementor-element elementor-element-51579240 e-con-full elementor-hidden-desktop elementor-hidden-tablet elementor-hidden-mobile e-flex e-con e-parent\" data-id=\"51579240\" data-element_type=\"container\" data-e-type=\"container\" data-settings=\"{&quot;background_background&quot;:&quot;classic&quot;}\">\n\t\t<div class=\"elementor-element elementor-element-5b20dc8a e-flex e-con-boxed e-con e-child\" data-id=\"5b20dc8a\" data-element_type=\"container\" data-e-type=\"container\">\n\t\t\t\t\t<div class=\"e-con-inner\">\n\t\t<div class=\"elementor-element elementor-element-4daf66b5 e-con-full e-flex elementor-invisible e-con e-child\" data-id=\"4daf66b5\" data-element_type=\"container\" data-e-type=\"container\" data-settings=\"{&quot;animation&quot;:&quot;fadeInUp&quot;}\">\n\t\t\t\t<div class=\"elementor-element elementor-element-512f4004 elementor-cta--layout-image-above elementor-cta--valign-middle elementor-cta--skin-classic elementor-animated-content elementor-bg-transform elementor-bg-transform-zoom-in elementor-widget elementor-widget-call-to-action\" data-id=\"512f4004\" data-element_type=\"widget\" data-e-type=\"widget\" data-widget_type=\"call-to-action.default\">\n\t\t\t\t<div class=\"elementor-widget-container\">\n\t\t\t\t\t\t\t<div class=\"elementor-cta\">\n\t\t\t\t\t<div class=\"elementor-cta__bg-wrapper\">\n\t\t\t\t<div class=\"elementor-cta__bg elementor-bg\" style=\"background-image: url(https:\/\/syddanskestuderende.dk\/wp-content\/uploads\/2024\/08\/royalol-i-spand-1536x849.jpg);\" role=\"img\" aria-label=\"royal\u00f8l-i-spand\"><\/div>\n\t\t\t\t<div class=\"elementor-cta__bg-overlay\"><\/div>\n\t\t\t<\/div>\n\t\t\t\t\t\t\t<div class=\"elementor-cta__content\">\n\t\t\t\t\n\t\t\t\t\t\t\t\t\t<h3 class=\"elementor-cta__title elementor-cta__content-item elementor-content-item\">\n\t\t\t\t\t\tRoyal Unibrew\t\t\t\t\t<\/h3>\n\t\t\t\t\n\t\t\t\t\t\t\t\t\t<div class=\"elementor-cta__description elementor-cta__content-item elementor-content-item\">\n\t\t\t\t\t\tForfrisk dig med en kold Albani Classic, eller g\u00e5 p\u00e5 opdagelse i det store udvalg, som Royal Unibrew tilbyder i hele Danmark!\t\t\t\t\t<\/div>\n\t\t\t\t\n\t\t\t\t\t\t\t<\/div>\n\t\t\t\t\t\t<\/div>\n\t\t\t\t\t\t<\/div>\n\t\t\t\t<\/div>\n\t\t\t\t<div class=\"elementor-element elementor-element-1d782f03 elementor-widget elementor-widget-button\" data-id=\"1d782f03\" data-element_type=\"widget\" data-e-type=\"widget\" data-widget_type=\"button.default\">\n\t\t\t\t<div class=\"elementor-widget-container\">\n\t\t\t\t\t\t\t\t\t<div class=\"elementor-button-wrapper\">\n\t\t\t\t\t<a class=\"elementor-button elementor-button-link elementor-size-sm elementor-animation-float\" href=\"https:\/\/www.instagram.com\/albaniodense\/\" target=\"_blank\" rel=\"noopener\">\n\t\t\t\t\t\t<span class=\"elementor-button-content-wrapper\">\n\t\t\t\t\t\t\t\t\t<span class=\"elementor-button-text\">@Albani<\/span>\n\t\t\t\t\t<\/span>\n\t\t\t\t\t<\/a>\n\t\t\t\t<\/div>\n\t\t\t\t\t\t\t\t<\/div>\n\t\t\t\t<\/div>\n\t\t\t\t<\/div>\n\t\t<div class=\"elementor-element elementor-element-f91680f e-con-full e-flex elementor-invisible e-con e-child\" data-id=\"f91680f\" data-element_type=\"container\" data-e-type=\"container\" data-settings=\"{&quot;animation&quot;:&quot;fadeInUp&quot;,&quot;animation_delay&quot;:&quot;200&quot;}\">\n\t\t\t\t<div class=\"elementor-element elementor-element-829e52f elementor-cta--layout-image-above elementor-cta--valign-middle elementor-cta--skin-classic elementor-animated-content elementor-bg-transform elementor-bg-transform-zoom-in elementor-widget elementor-widget-call-to-action\" data-id=\"829e52f\" data-element_type=\"widget\" data-e-type=\"widget\" data-widget_type=\"call-to-action.default\">\n\t\t\t\t<div class=\"elementor-widget-container\">\n\t\t\t\t\t\t\t<div class=\"elementor-cta\">\n\t\t\t\t\t<div class=\"elementor-cta__bg-wrapper\">\n\t\t\t\t<div class=\"elementor-cta__bg elementor-bg\" style=\"background-image: url(https:\/\/syddanskestuderende.dk\/wp-content\/uploads\/2024\/08\/fatemeh-zakeri-eXc5Qw1Pb-8-unsplash-1032x1536.jpg);\" role=\"img\" aria-label=\"fatemeh-zakeri-eXc5Qw1Pb-8-unsplash\"><\/div>\n\t\t\t\t<div class=\"elementor-cta__bg-overlay\"><\/div>\n\t\t\t<\/div>\n\t\t\t\t\t\t\t<div class=\"elementor-cta__content\">\n\t\t\t\t\n\t\t\t\t\t\t\t\t\t<h3 class=\"elementor-cta__title elementor-cta__content-item elementor-content-item\">\n\t\t\t\t\t\tRedbull\t\t\t\t\t<\/h3>\n\t\t\t\t\n\t\t\t\t\t\t\t\t\t<div class=\"elementor-cta__description elementor-cta__content-item elementor-content-item\">\n\t\t\t\t\t\tRedbull giver vinger - og vinger er det, du f\u00e5r brug for til at k\u00e6mpe med alle de andre institutter hos Institutdysten!\t\t\t\t\t<\/div>\n\t\t\t\t\n\t\t\t\t\t\t\t<\/div>\n\t\t\t\t\t\t<\/div>\n\t\t\t\t\t\t<\/div>\n\t\t\t\t<\/div>\n\t\t\t\t<div class=\"elementor-element elementor-element-57d074b5 elementor-widget elementor-widget-button\" data-id=\"57d074b5\" data-element_type=\"widget\" data-e-type=\"widget\" data-widget_type=\"button.default\">\n\t\t\t\t<div class=\"elementor-widget-container\">\n\t\t\t\t\t\t\t\t\t<div class=\"elementor-button-wrapper\">\n\t\t\t\t\t<a class=\"elementor-button elementor-button-link elementor-size-sm elementor-animation-float\" href=\"https:\/\/www.instagram.com\/redbulldanmark\/\" target=\"_blank\" rel=\"noopener\">\n\t\t\t\t\t\t<span class=\"elementor-button-content-wrapper\">\n\t\t\t\t\t\t\t\t\t<span class=\"elementor-button-text\">@Redbulldanmark<\/span>\n\t\t\t\t\t<\/span>\n\t\t\t\t\t<\/a>\n\t\t\t\t<\/div>\n\t\t\t\t\t\t\t\t<\/div>\n\t\t\t\t<\/div>\n\t\t\t\t<\/div>\n\t\t<div class=\"elementor-element elementor-element-7aed3b83 e-con-full e-flex elementor-invisible e-con e-child\" data-id=\"7aed3b83\" data-element_type=\"container\" data-e-type=\"container\" data-settings=\"{&quot;animation&quot;:&quot;fadeInUp&quot;,&quot;animation_delay&quot;:&quot;300&quot;}\">\n\t\t\t\t<div class=\"elementor-element elementor-element-7ae1a331 elementor-cta--layout-image-above elementor-cta--valign-middle elementor-cta--skin-classic elementor-animated-content elementor-bg-transform elementor-bg-transform-zoom-in elementor-widget elementor-widget-call-to-action\" data-id=\"7ae1a331\" data-element_type=\"widget\" data-e-type=\"widget\" data-widget_type=\"call-to-action.default\">\n\t\t\t\t<div class=\"elementor-widget-container\">\n\t\t\t\t\t\t\t<div class=\"elementor-cta\">\n\t\t\t\t\t<div class=\"elementor-cta__bg-wrapper\">\n\t\t\t\t<div class=\"elementor-cta__bg elementor-bg\" style=\"background-image: url(https:\/\/syddanskestuderende.dk\/wp-content\/uploads\/2024\/10\/DSC00424-1024x683.jpg);\" role=\"img\" aria-label=\"DSC00424\"><\/div>\n\t\t\t\t<div class=\"elementor-cta__bg-overlay\"><\/div>\n\t\t\t<\/div>\n\t\t\t\t\t\t\t<div class=\"elementor-cta__content\">\n\t\t\t\t\n\t\t\t\t\t\t\t\t\t<h3 class=\"elementor-cta__title elementor-cta__content-item elementor-content-item\">\n\t\t\t\t\t\tDM\/MA\t\t\t\t\t<\/h3>\n\t\t\t\t\n\t\t\t\t\n\t\t\t\t\t\t\t<\/div>\n\t\t\t\t\t\t<\/div>\n\t\t\t\t\t\t<\/div>\n\t\t\t\t<\/div>\n\t\t\t\t<div class=\"elementor-element elementor-element-4b426225 elementor-widget elementor-widget-button\" data-id=\"4b426225\" data-element_type=\"widget\" data-e-type=\"widget\" data-widget_type=\"button.default\">\n\t\t\t\t<div class=\"elementor-widget-container\">\n\t\t\t\t\t\t\t\t\t<div class=\"elementor-button-wrapper\">\n\t\t\t\t\t<a class=\"elementor-button elementor-button-link elementor-size-sm elementor-animation-float\" href=\"https:\/\/www.instagram.com\/dmogmastuderende\/\" target=\"_blank\" rel=\"noopener\">\n\t\t\t\t\t\t<span class=\"elementor-button-content-wrapper\">\n\t\t\t\t\t\t\t\t\t<span class=\"elementor-button-text\">@DMogMAsstuderende<\/span>\n\t\t\t\t\t<\/span>\n\t\t\t\t\t<\/a>\n\t\t\t\t<\/div>\n\t\t\t\t\t\t\t\t<\/div>\n\t\t\t\t<\/div>\n\t\t\t\t<\/div>\n\t\t\t\t\t<\/div>\n\t\t\t\t<\/div>\n\t\t\t\t<\/div>\n\t\t<div class=\"elementor-element elementor-element-68bc0f5 e-flex e-con-boxed e-con e-parent\" data-id=\"68bc0f5\" data-element_type=\"container\" data-e-type=\"container\">\n\t\t\t\t\t<div class=\"e-con-inner\">\n\t\t\t\t<div class=\"elementor-element elementor-element-43bc343 elementor-widget elementor-widget-image\" data-id=\"43bc343\" data-element_type=\"widget\" data-e-type=\"widget\" data-widget_type=\"image.default\">\n\t\t\t\t<div class=\"elementor-widget-container\">\n\t\t\t\t\t\t\t\t\t\t\t\t\t\t\t<img fetchpriority=\"high\" decoding=\"async\" width=\"1080\" height=\"1080\" src=\"https:\/\/syddanskestuderende.dk\/wp-content\/uploads\/2024\/10\/441529369_1021815339649943_3423397842301102164_n.jpg\" class=\"attachment-2048x2048 size-2048x2048 wp-image-4679\" alt=\"\" srcset=\"https:\/\/syddanskestuderende.dk\/wp-content\/uploads\/2024\/10\/441529369_1021815339649943_3423397842301102164_n.jpg 1080w, https:\/\/syddanskestuderende.dk\/wp-content\/uploads\/2024\/10\/441529369_1021815339649943_3423397842301102164_n-300x300.jpg 300w, https:\/\/syddanskestuderende.dk\/wp-content\/uploads\/2024\/10\/441529369_1021815339649943_3423397842301102164_n-1024x1024.jpg 1024w, https:\/\/syddanskestuderende.dk\/wp-content\/uploads\/2024\/10\/441529369_1021815339649943_3423397842301102164_n-150x150.jpg 150w, https:\/\/syddanskestuderende.dk\/wp-content\/uploads\/2024\/10\/441529369_1021815339649943_3423397842301102164_n-768x768.jpg 768w, https:\/\/syddanskestuderende.dk\/wp-content\/uploads\/2024\/10\/441529369_1021815339649943_3423397842301102164_n-12x12.jpg 12w\" sizes=\"(max-width: 1080px) 100vw, 1080px\" \/>\t\t\t\t\t\t\t\t\t\t\t\t\t\t\t<\/div>\n\t\t\t\t<\/div>\n\t\t\t\t\t<\/div>\n\t\t\t\t<\/div>\n\t\t\t\t<\/div>","protected":false},"excerpt":{"rendered":"<p>Samarbejdspartnere ved institutdysten Her p\u00e5 siden kan du se Institutdystens stolte samarbejdspartnere der hj\u00e6lper med at g\u00f8re det hele muligt. Tak til vores samarbejdspartnere Royal Unibrew Forfrisk dig med en kold Albani Classic, eller g\u00e5 p\u00e5 opdagelse i det store udvalg, som Royal Unibrew tilbyder i hele Danmark! @Albani Redbull Redbull giver vinger &#8211; og [&hellip;]<\/p>\n","protected":false},"author":2,"featured_media":0,"parent":0,"menu_order":0,"comment_status":"closed","ping_status":"closed","template":"","meta":{"footnotes":""},"class_list":["post-3797","page","type-page","status-publish","hentry"],"_links":{"self":[{"href":"https:\/\/syddanskestuderende.dk\/eng\/wp-json\/wp\/v2\/pages\/3797","targetHints":{"allow":["GET"]}}],"collection":[{"href":"https:\/\/syddanskestuderende.dk\/eng\/wp-json\/wp\/v2\/pages"}],"about":[{"href":"https:\/\/syddanskestuderende.dk\/eng\/wp-json\/wp\/v2\/types\/page"}],"author":[{"embeddable":true,"href":"https:\/\/syddanskestuderende.dk\/eng\/wp-json\/wp\/v2\/users\/2"}],"replies":[{"embeddable":true,"href":"https:\/\/syddanskestuderende.dk\/eng\/wp-json\/wp\/v2\/comments?post=3797"}],"version-history":[{"count":23,"href":"https:\/\/syddanskestuderende.dk\/eng\/wp-json\/wp\/v2\/pages\/3797\/revisions"}],"predecessor-version":[{"id":4688,"href":"https:\/\/syddanskestuderende.dk\/eng\/wp-json\/wp\/v2\/pages\/3797\/revisions\/4688"}],"wp:attachment":[{"href":"https:\/\/syddanskestuderende.dk\/eng\/wp-json\/wp\/v2\/media?parent=3797"}],"curies":[{"name":"wp","href":"https:\/\/api.w.org\/{rel}","templated":true}]}}