{"id":3803,"date":"2024-10-16T13:14:30","date_gmt":"2024-10-16T11:14:30","guid":{"rendered":"https:\/\/syddanskestuderende.dk\/?page_id=3803"},"modified":"2025-01-28T14:05:25","modified_gmt":"2025-01-28T13:05:25","slug":"bliv-arrangoer","status":"publish","type":"page","link":"https:\/\/syddanskestuderende.dk\/eng\/bliv-arrangoer\/","title":{"rendered":"Bliv arrang\u00f8r &#8211; Institutdyst"},"content":{"rendered":"\t\t<div data-elementor-type=\"wp-page\" data-elementor-id=\"3803\" class=\"elementor elementor-3803\" data-elementor-post-type=\"page\">\n\t\t\t\t<div class=\"elementor-element elementor-element-2afb626 e-con-full e-flex e-con e-parent\" data-id=\"2afb626\" data-element_type=\"container\" data-e-type=\"container\" data-settings=\"{&quot;background_background&quot;:&quot;classic&quot;}\">\n\t\t<div class=\"elementor-element elementor-element-a6ca885 e-con-full e-flex e-con e-child\" data-id=\"a6ca885\" data-element_type=\"container\" data-e-type=\"container\" data-settings=\"{&quot;background_background&quot;:&quot;gradient&quot;}\">\n\t\t\t\t<div class=\"elementor-element elementor-element-24861d5 elementor-widget elementor-widget-heading\" data-id=\"24861d5\" data-element_type=\"widget\" data-e-type=\"widget\" data-widget_type=\"heading.default\">\n\t\t\t\t<div class=\"elementor-widget-container\">\n\t\t\t\t\t<h2 class=\"elementor-heading-title elementor-size-default\">Bliv arrang\u00f8r ved institutdysten<\/h2>\t\t\t\t<\/div>\n\t\t\t\t<\/div>\n\t\t\t\t<div class=\"elementor-element elementor-element-9017502 elementor-widget elementor-widget-text-editor\" data-id=\"9017502\" data-element_type=\"widget\" data-e-type=\"widget\" data-widget_type=\"text-editor.default\">\n\t\t\t\t<div class=\"elementor-widget-container\">\n\t\t\t\t\t\t\t\t\t<div class=\"x78zum5\" role=\"none\"><div class=\"x78zum5 x1iyjqo2 xs83m0k xeuugli\" role=\"none\"><div class=\"html-div xe8uvvx xdj266r x11i5rnm xat24cr x1mh8g0r xexx8yu x4uap5 x18d9i69 xkhd6sd x1h91t0o xkh2ocl x78zum5 xdt5ytf x13a6bvl x193iq5w x1eb86dx xeuugli\" role=\"presentation\"><div class=\"html-div xe8uvvx xdj266r x11i5rnm xat24cr x1mh8g0r xexx8yu x4uap5 x18d9i69 xkhd6sd x78zum5 xh8yej3\" role=\"presentation\"><div class=\"x1cy8zhl x78zum5 xdt5ytf x193iq5w x1n2onr6 x1kxipp6\"><div class=\"x78zum5 xh8yej3\" role=\"none\"><div class=\"html-div xe8uvvx xdj266r x11i5rnm xat24cr x1mh8g0r xexx8yu x4uap5 x18d9i69 xkhd6sd x6ikm8r x10wlt62\"><div class=\"html-div xe8uvvx xdj266r x11i5rnm xat24cr x1mh8g0r x1tlxs6b x1g8br2z x1gn5b1j x230xth x14ctfv x1okitfd x1k4qllp x6ikm8r x10wlt62 x1y1aw1k xwib8y2 x1ye3gou xn6708d x1n2onr6 x1vjfegm x1mzt3pk x13faqbe x1xr0vuk x1jm4cbz x1lmq8lz xrrpcnn x1xtl47e x13fuv20 xu3j5b3 x1q0q8m5 x26u7qi x19livfd x2t687o x3p3xfz x5od304\" role=\"presentation\"><div class=\"html-div xe8uvvx xexx8yu x4uap5 x18d9i69 xkhd6sd x1gslohp x11i5rnm x12nagc x1mh8g0r x1yc453h x126k92a x18lvrbx\" dir=\"auto\">Er du nysgerrig p\u00e5 hvad det vil sige at v\u00e6re arrang\u00f8r af Institutdysten, og kunne du m\u00e5ske godt t\u00e6nke dig at v\u00e6re med p\u00e5 holdet? S\u00e5 l\u00e6s med her.<\/div><\/div><\/div><\/div><\/div><\/div><\/div><\/div><\/div>\t\t\t\t\t\t\t\t<\/div>\n\t\t\t\t<\/div>\n\t\t\t\t<\/div>\n\t\t<div class=\"elementor-element elementor-element-bb71ce1 e-con-full e-flex e-con e-child\" data-id=\"bb71ce1\" data-element_type=\"container\" data-e-type=\"container\" data-settings=\"{&quot;background_background&quot;:&quot;classic&quot;}\">\n\t\t\t\t<\/div>\n\t\t\t\t<\/div>\n\t\t<div class=\"elementor-element elementor-element-78628d4 e-flex e-con-boxed e-con e-parent\" data-id=\"78628d4\" data-element_type=\"container\" data-e-type=\"container\" data-settings=\"{&quot;background_background&quot;:&quot;classic&quot;}\">\n\t\t\t\t\t<div class=\"e-con-inner\">\n\t\t<div class=\"elementor-element elementor-element-7eaccfa e-con-full e-flex e-con e-child\" data-id=\"7eaccfa\" data-element_type=\"container\" data-e-type=\"container\">\n\t\t\t\t<div class=\"elementor-element elementor-element-13a3ac2 elementor-invisible elementor-widget elementor-widget-heading\" data-id=\"13a3ac2\" data-element_type=\"widget\" data-e-type=\"widget\" data-settings=\"{&quot;_animation&quot;:&quot;fadeIn&quot;}\" data-widget_type=\"heading.default\">\n\t\t\t\t<div class=\"elementor-widget-container\">\n\t\t\t\t\t<h2 class=\"elementor-heading-title elementor-size-default\">At v\u00e6re arrang\u00f8r<\/h2>\t\t\t\t<\/div>\n\t\t\t\t<\/div>\n\t\t\t\t<div class=\"elementor-element elementor-element-2ce6da8 elementor-widget elementor-widget-text-editor\" data-id=\"2ce6da8\" data-element_type=\"widget\" data-e-type=\"widget\" data-widget_type=\"text-editor.default\">\n\t\t\t\t<div class=\"elementor-widget-container\">\n\t\t\t\t\t\t\t\t\t<div><div class=\"x11i5rnm xat24cr x1mh8g0r x1vvkbs xtlvy1s x126k92a\"><div dir=\"auto\">Som arrang\u00f8r for Institutdysten er du med til at skabe den hyggeligste dag til fejring af alle studerende ved SDU!<\/div><div dir=\"auto\">\u00a0<\/div><div dir=\"auto\">Institutdysten handler om f\u00e6llesskab, og det g\u00f8r sig ogs\u00e5 g\u00e6ldende, n\u00e5r arrang\u00f8rerne planl\u00e6gger og fejrer begivenheden!<\/div><div dir=\"auto\">\u00a0<\/div><div dir=\"auto\">Som arrang\u00f8r bliver man nemlig ogs\u00e5 inviteret til mange forskellige arrangementer i l\u00f8bet af \u00e5ret <span class=\"html-span xexx8yu x4uap5 x18d9i69 xkhd6sd x1hl2dhg x16tdsg8 x1vvkbs x3nfvp2 x1j61x8r x1fcty0u xdj266r xat24cr xgzva0m xhhsvwb xxymvpz xlup9mm x1kky2od\"><img decoding=\"async\" class=\"xz74otr\" src=\"https:\/\/static.xx.fbcdn.net\/images\/emoji.php\/v9\/t6d\/1\/16\/1f973.png\" alt=\"\ud83e\udd73\" width=\"16\" height=\"16\" \/><\/span> Det kan v\u00e6re alt lige fra byture, koncerter, middage, lasertag og alt mulig andet hygge!<\/div><div dir=\"auto\">\u00a0<\/div><\/div><div class=\"x11i5rnm xat24cr x1mh8g0r x1vvkbs xtlvy1s x126k92a\"><div dir=\"auto\">Du kan blive arrang\u00f8rer indenfor:<\/div><\/div><div class=\"x11i5rnm xat24cr x1mh8g0r x1vvkbs xtlvy1s x126k92a\"><div dir=\"auto\"><span class=\"html-span xexx8yu x4uap5 x18d9i69 xkhd6sd x1hl2dhg x16tdsg8 x1vvkbs x3nfvp2 x1j61x8r x1fcty0u xdj266r xat24cr xgzva0m xhhsvwb xxymvpz xlup9mm x1kky2od\"><img decoding=\"async\" class=\"xz74otr\" src=\"https:\/\/static.xx.fbcdn.net\/images\/emoji.php\/v9\/tbe\/1\/16\/1f3c6.png\" alt=\"\ud83c\udfc6\" width=\"16\" height=\"16\" \/><\/span> Frivillige<\/div><div dir=\"auto\"><span class=\"html-span xexx8yu x4uap5 x18d9i69 xkhd6sd x1hl2dhg x16tdsg8 x1vvkbs x3nfvp2 x1j61x8r x1fcty0u xdj266r xat24cr xgzva0m xhhsvwb xxymvpz xlup9mm x1kky2od\"><img decoding=\"async\" class=\"xz74otr\" src=\"https:\/\/static.xx.fbcdn.net\/images\/emoji.php\/v9\/tbe\/1\/16\/1f3c6.png\" alt=\"\ud83c\udfc6\" width=\"16\" height=\"16\" \/><\/span> Turnering<\/div><div dir=\"auto\"><span class=\"html-span xexx8yu x4uap5 x18d9i69 xkhd6sd x1hl2dhg x16tdsg8 x1vvkbs x3nfvp2 x1j61x8r x1fcty0u xdj266r xat24cr xgzva0m xhhsvwb xxymvpz xlup9mm x1kky2od\"><img decoding=\"async\" class=\"xz74otr\" src=\"https:\/\/static.xx.fbcdn.net\/images\/emoji.php\/v9\/tbe\/1\/16\/1f3c6.png\" alt=\"\ud83c\udfc6\" width=\"16\" height=\"16\" \/><\/span> PR &amp; Kommunikation<\/div><div dir=\"auto\"><span class=\"html-span xexx8yu x4uap5 x18d9i69 xkhd6sd x1hl2dhg x16tdsg8 x1vvkbs x3nfvp2 x1j61x8r x1fcty0u xdj266r xat24cr xgzva0m xhhsvwb xxymvpz xlup9mm x1kky2od\"><img decoding=\"async\" class=\"xz74otr\" src=\"https:\/\/static.xx.fbcdn.net\/images\/emoji.php\/v9\/tbe\/1\/16\/1f3c6.png\" alt=\"\ud83c\udfc6\" width=\"16\" height=\"16\" \/><\/span> Sponsorer<\/div><div dir=\"auto\"><span class=\"html-span xexx8yu x4uap5 x18d9i69 xkhd6sd x1hl2dhg x16tdsg8 x1vvkbs x3nfvp2 x1j61x8r x1fcty0u xdj266r xat24cr xgzva0m xhhsvwb xxymvpz xlup9mm x1kky2od\"><img decoding=\"async\" class=\"xz74otr\" src=\"https:\/\/static.xx.fbcdn.net\/images\/emoji.php\/v9\/tbe\/1\/16\/1f3c6.png\" alt=\"\ud83c\udfc6\" width=\"16\" height=\"16\" \/><\/span> Underholdning<\/div><div dir=\"auto\"><span class=\"html-span xexx8yu x4uap5 x18d9i69 xkhd6sd x1hl2dhg x16tdsg8 x1vvkbs x3nfvp2 x1j61x8r x1fcty0u xdj266r xat24cr xgzva0m xhhsvwb xxymvpz xlup9mm x1kky2od\"><img decoding=\"async\" class=\"xz74otr\" src=\"https:\/\/static.xx.fbcdn.net\/images\/emoji.php\/v9\/tbe\/1\/16\/1f3c6.png\" alt=\"\ud83c\udfc6\" width=\"16\" height=\"16\" \/><\/span> Pladsen<\/div><\/div><div class=\"x11i5rnm xat24cr x1mh8g0r x1vvkbs xtlvy1s x126k92a\"><div dir=\"auto\">\u00a0<\/div><div dir=\"auto\">S\u00e5 har du erfaring eller blot interesse, <a href=\"mailto:institutdyst@syddanskestuderende.dk\">s\u00e5 kontakt os gerne her<\/a><\/div><\/div><div class=\"x11i5rnm xat24cr x1mh8g0r x1vvkbs xtlvy1s x126k92a\"><div dir=\"auto\">\u00a0<\/div><div dir=\"auto\">Vi gl\u00e6der os til at h\u00f8re fra dig!<\/div><div dir=\"auto\">Og psst\u2026 s\u00e5 pynter det utrolig godt p\u00e5 CV\u2019et <span class=\"html-span xexx8yu x4uap5 x18d9i69 xkhd6sd x1hl2dhg x16tdsg8 x1vvkbs x3nfvp2 x1j61x8r x1fcty0u xdj266r xat24cr xgzva0m xhhsvwb xxymvpz xlup9mm x1kky2od\"><img decoding=\"async\" class=\"xz74otr\" src=\"https:\/\/static.xx.fbcdn.net\/images\/emoji.php\/v9\/t57\/1\/16\/1f609.png\" alt=\"\ud83d\ude09\" width=\"16\" height=\"16\" \/><\/span><\/div><\/div><\/div>\t\t\t\t\t\t\t\t<\/div>\n\t\t\t\t<\/div>\n\t\t\t\t<\/div>\n\t\t<div class=\"elementor-element elementor-element-1f14104 e-con-full e-flex e-con e-child\" data-id=\"1f14104\" data-element_type=\"container\" data-e-type=\"container\">\n\t\t\t\t<div class=\"elementor-element elementor-element-76bce88 elementor-widget elementor-widget-image\" data-id=\"76bce88\" data-element_type=\"widget\" data-e-type=\"widget\" data-widget_type=\"image.default\">\n\t\t\t\t<div class=\"elementor-widget-container\">\n\t\t\t\t\t\t\t\t\t\t\t\t\t\t\t<img loading=\"lazy\" decoding=\"async\" width=\"800\" height=\"534\" src=\"https:\/\/syddanskestuderende.dk\/wp-content\/uploads\/2024\/10\/DSC00398-1024x683.jpg\" class=\"attachment-large size-large wp-image-4184\" alt=\"\" srcset=\"https:\/\/syddanskestuderende.dk\/wp-content\/uploads\/2024\/10\/DSC00398-1024x683.jpg 1024w, https:\/\/syddanskestuderende.dk\/wp-content\/uploads\/2024\/10\/DSC00398-300x200.jpg 300w, https:\/\/syddanskestuderende.dk\/wp-content\/uploads\/2024\/10\/DSC00398-768x512.jpg 768w, https:\/\/syddanskestuderende.dk\/wp-content\/uploads\/2024\/10\/DSC00398-1536x1024.jpg 1536w, https:\/\/syddanskestuderende.dk\/wp-content\/uploads\/2024\/10\/DSC00398-2048x1365.jpg 2048w, https:\/\/syddanskestuderende.dk\/wp-content\/uploads\/2024\/10\/DSC00398-18x12.jpg 18w\" sizes=\"(max-width: 800px) 100vw, 800px\" \/>\t\t\t\t\t\t\t\t\t\t\t\t\t\t\t<\/div>\n\t\t\t\t<\/div>\n\t\t\t\t<\/div>\n\t\t\t\t\t<\/div>\n\t\t\t\t<\/div>\n\t\t<div class=\"elementor-element elementor-element-13b7582 e-con-full e-flex e-con e-parent\" data-id=\"13b7582\" data-element_type=\"container\" data-e-type=\"container\" data-settings=\"{&quot;background_background&quot;:&quot;classic&quot;}\">\n\t\t<div class=\"elementor-element elementor-element-8113499 e-con-full e-flex e-con e-child\" data-id=\"8113499\" data-element_type=\"container\" data-e-type=\"container\">\n\t\t\t\t<div class=\"elementor-element elementor-element-8e2cc03 elementor-widget-mobile__width-initial elementor-widget elementor-widget-image\" data-id=\"8e2cc03\" data-element_type=\"widget\" data-e-type=\"widget\" data-settings=\"{&quot;motion_fx_motion_fx_scrolling&quot;:&quot;yes&quot;,&quot;motion_fx_translateY_effect&quot;:&quot;yes&quot;,&quot;motion_fx_translateY_speed&quot;:{&quot;unit&quot;:&quot;px&quot;,&quot;size&quot;:1,&quot;sizes&quot;:[]},&quot;motion_fx_devices&quot;:[&quot;desktop&quot;,&quot;tablet&quot;],&quot;motion_fx_translateY_affectedRange&quot;:{&quot;unit&quot;:&quot;%&quot;,&quot;size&quot;:&quot;&quot;,&quot;sizes&quot;:{&quot;start&quot;:0,&quot;end&quot;:100}}}\" data-widget_type=\"image.default\">\n\t\t\t\t<div class=\"elementor-widget-container\">\n\t\t\t\t\t\t\t\t\t\t\t\t\t\t\t<img loading=\"lazy\" decoding=\"async\" width=\"683\" height=\"1024\" src=\"https:\/\/syddanskestuderende.dk\/wp-content\/uploads\/2024\/10\/DSC00596-683x1024.jpg\" class=\"attachment-large size-large wp-image-4202\" alt=\"\" srcset=\"https:\/\/syddanskestuderende.dk\/wp-content\/uploads\/2024\/10\/DSC00596-683x1024.jpg 683w, https:\/\/syddanskestuderende.dk\/wp-content\/uploads\/2024\/10\/DSC00596-200x300.jpg 200w, https:\/\/syddanskestuderende.dk\/wp-content\/uploads\/2024\/10\/DSC00596-768x1152.jpg 768w, https:\/\/syddanskestuderende.dk\/wp-content\/uploads\/2024\/10\/DSC00596-1024x1536.jpg 1024w, https:\/\/syddanskestuderende.dk\/wp-content\/uploads\/2024\/10\/DSC00596-1365x2048.jpg 1365w, https:\/\/syddanskestuderende.dk\/wp-content\/uploads\/2024\/10\/DSC00596-8x12.jpg 8w, https:\/\/syddanskestuderende.dk\/wp-content\/uploads\/2024\/10\/DSC00596-scaled.jpg 1707w\" sizes=\"(max-width: 683px) 100vw, 683px\" \/>\t\t\t\t\t\t\t\t\t\t\t\t\t\t\t<\/div>\n\t\t\t\t<\/div>\n\t\t\t\t<div class=\"elementor-element elementor-element-79db26e elementor-widget-mobile__width-initial elementor-widget elementor-widget-image\" data-id=\"79db26e\" data-element_type=\"widget\" data-e-type=\"widget\" data-settings=\"{&quot;motion_fx_motion_fx_scrolling&quot;:&quot;yes&quot;,&quot;motion_fx_translateY_effect&quot;:&quot;yes&quot;,&quot;motion_fx_translateY_direction&quot;:&quot;negative&quot;,&quot;motion_fx_translateY_speed&quot;:{&quot;unit&quot;:&quot;px&quot;,&quot;size&quot;:1,&quot;sizes&quot;:[]},&quot;motion_fx_devices&quot;:[&quot;desktop&quot;,&quot;tablet&quot;],&quot;motion_fx_translateY_affectedRange&quot;:{&quot;unit&quot;:&quot;%&quot;,&quot;size&quot;:&quot;&quot;,&quot;sizes&quot;:{&quot;start&quot;:0,&quot;end&quot;:100}}}\" data-widget_type=\"image.default\">\n\t\t\t\t<div class=\"elementor-widget-container\">\n\t\t\t\t\t\t\t\t\t\t\t\t\t\t\t<img loading=\"lazy\" decoding=\"async\" width=\"683\" height=\"1024\" src=\"https:\/\/syddanskestuderende.dk\/wp-content\/uploads\/2024\/10\/DSC00616-683x1024.jpg\" class=\"attachment-large size-large wp-image-4196\" alt=\"\" srcset=\"https:\/\/syddanskestuderende.dk\/wp-content\/uploads\/2024\/10\/DSC00616-683x1024.jpg 683w, https:\/\/syddanskestuderende.dk\/wp-content\/uploads\/2024\/10\/DSC00616-200x300.jpg 200w, https:\/\/syddanskestuderende.dk\/wp-content\/uploads\/2024\/10\/DSC00616-768x1152.jpg 768w, https:\/\/syddanskestuderende.dk\/wp-content\/uploads\/2024\/10\/DSC00616-1024x1536.jpg 1024w, https:\/\/syddanskestuderende.dk\/wp-content\/uploads\/2024\/10\/DSC00616-1365x2048.jpg 1365w, https:\/\/syddanskestuderende.dk\/wp-content\/uploads\/2024\/10\/DSC00616-8x12.jpg 8w, https:\/\/syddanskestuderende.dk\/wp-content\/uploads\/2024\/10\/DSC00616-scaled.jpg 1707w\" sizes=\"(max-width: 683px) 100vw, 683px\" \/>\t\t\t\t\t\t\t\t\t\t\t\t\t\t\t<\/div>\n\t\t\t\t<\/div>\n\t\t\t\t<\/div>\n\t\t<div class=\"elementor-element elementor-element-9aa21f8 e-con-full e-flex e-con e-child\" data-id=\"9aa21f8\" data-element_type=\"container\" data-e-type=\"container\">\n\t\t\t\t<div class=\"elementor-element elementor-element-2213546 elementor-invisible elementor-widget elementor-widget-heading\" data-id=\"2213546\" data-element_type=\"widget\" data-e-type=\"widget\" data-settings=\"{&quot;_animation&quot;:&quot;fadeIn&quot;}\" data-widget_type=\"heading.default\">\n\t\t\t\t<div class=\"elementor-widget-container\">\n\t\t\t\t\t<h1 class=\"elementor-heading-title elementor-size-default\">Fordele ved at v\u00e6re arrang\u00f8r<\/h1>\t\t\t\t<\/div>\n\t\t\t\t<\/div>\n\t\t\t\t<div class=\"elementor-element elementor-element-bdf6740 elementor-invisible elementor-widget elementor-widget-text-editor\" data-id=\"bdf6740\" data-element_type=\"widget\" data-e-type=\"widget\" data-settings=\"{&quot;_animation&quot;:&quot;fadeIn&quot;,&quot;_animation_delay&quot;:200}\" data-widget_type=\"text-editor.default\">\n\t\t\t\t<div class=\"elementor-widget-container\">\n\t\t\t\t\t\t\t\t\t<p>Det er frivilligt arbejde at v\u00e6re arrang\u00f8r, men det betyder ikke at man intet f\u00e5r ud af det.<\/p><p>Udover noget godt til CV\u2019et f\u00e5r du ogs\u00e5 en social omgangskreds! Vi g\u00e5r meget op i at det skal v\u00e6re sjovt at v\u00e6re frivillig arrang\u00f8r og at man skal f\u00f8le man f\u00e5r noget ud af det.<\/p><div>Du f\u00e5r:<\/div><div>\u00a0<\/div><div><ul><li>Mad og drikke p\u00e5 dagen<\/li><li>Fest og ballade<\/li><li>Fedt frivilligt\u00f8j<\/li><li>Noget fedt at skrive p\u00e5 CV&#8217;et<\/li><li>Den store frivilligfest<\/li><li>Muligheden for at hygge med studerende fra hele SDU.<\/li><\/ul><p>\u00a0<\/p><p>Og selvf\u00f8lgelig en masse praktisk erfaring, som du ikke kan finde til din s\u00e6dvanlige forel\u00e6sninger \ud83d\ude0e<\/p><\/div>\t\t\t\t\t\t\t\t<\/div>\n\t\t\t\t<\/div>\n\t\t\t\t<\/div>\n\t\t\t\t<\/div>\n\t\t\t\t<\/div>\n\t\t","protected":false},"excerpt":{"rendered":"<p>Bliv arrang\u00f8r ved institutdysten Er du nysgerrig p\u00e5 hvad det vil sige at v\u00e6re arrang\u00f8r af Institutdysten, og kunne du m\u00e5ske godt t\u00e6nke dig at v\u00e6re med p\u00e5 holdet? S\u00e5 l\u00e6s med her. At v\u00e6re arrang\u00f8r Som arrang\u00f8r for Institutdysten er du med til at skabe den hyggeligste dag til fejring af alle studerende ved [&hellip;]<\/p>\n","protected":false},"author":2,"featured_media":0,"parent":0,"menu_order":0,"comment_status":"closed","ping_status":"closed","template":"","meta":{"footnotes":""},"class_list":["post-3803","page","type-page","status-publish","hentry"],"_links":{"self":[{"href":"https:\/\/syddanskestuderende.dk\/eng\/wp-json\/wp\/v2\/pages\/3803","targetHints":{"allow":["GET"]}}],"collection":[{"href":"https:\/\/syddanskestuderende.dk\/eng\/wp-json\/wp\/v2\/pages"}],"about":[{"href":"https:\/\/syddanskestuderende.dk\/eng\/wp-json\/wp\/v2\/types\/page"}],"author":[{"embeddable":true,"href":"https:\/\/syddanskestuderende.dk\/eng\/wp-json\/wp\/v2\/users\/2"}],"replies":[{"embeddable":true,"href":"https:\/\/syddanskestuderende.dk\/eng\/wp-json\/wp\/v2\/comments?post=3803"}],"version-history":[{"count":17,"href":"https:\/\/syddanskestuderende.dk\/eng\/wp-json\/wp\/v2\/pages\/3803\/revisions"}],"predecessor-version":[{"id":4849,"href":"https:\/\/syddanskestuderende.dk\/eng\/wp-json\/wp\/v2\/pages\/3803\/revisions\/4849"}],"wp:attachment":[{"href":"https:\/\/syddanskestuderende.dk\/eng\/wp-json\/wp\/v2\/media?parent=3803"}],"curies":[{"name":"wp","href":"https:\/\/api.w.org\/{rel}","templated":true}]}}