{"id":5895,"date":"2025-06-06T08:40:41","date_gmt":"2025-06-06T06:40:41","guid":{"rendered":"https:\/\/syddanskestuderende.dk\/?page_id=5895"},"modified":"2025-06-06T10:20:36","modified_gmt":"2025-06-06T08:20:36","slug":"kontakt-os","status":"publish","type":"page","link":"https:\/\/syddanskestuderende.dk\/eng\/kontakt-os\/","title":{"rendered":"Contact us"},"content":{"rendered":"<div data-elementor-type=\"wp-page\" data-elementor-id=\"5895\" class=\"elementor elementor-5895\" data-elementor-post-type=\"page\">\n\t\t\t\t<div class=\"elementor-element elementor-element-ce111d7 e-con-full e-flex e-con e-parent\" data-id=\"ce111d7\" data-element_type=\"container\" data-e-type=\"container\" data-settings=\"{&quot;background_background&quot;:&quot;gradient&quot;}\">\n\t\t<div class=\"elementor-element elementor-element-5e665d5 e-con-full e-flex e-con e-child\" data-id=\"5e665d5\" data-element_type=\"container\" data-e-type=\"container\" data-settings=\"{&quot;background_background&quot;:&quot;gradient&quot;}\">\n\t\t\t\t<div class=\"elementor-element elementor-element-011f1b2 elementor-widget elementor-widget-heading\" data-id=\"011f1b2\" data-element_type=\"widget\" data-e-type=\"widget\" data-widget_type=\"heading.default\">\n\t\t\t\t<div class=\"elementor-widget-container\">\n\t\t\t\t\t<h2 class=\"elementor-heading-title elementor-size-default\">Contact Us <\/h2>\t\t\t\t<\/div>\n\t\t\t\t<\/div>\n\t\t\t\t<\/div>\n\t\t<div class=\"elementor-element elementor-element-f3f9f02 e-con-full e-flex e-con e-child\" data-id=\"f3f9f02\" data-element_type=\"container\" data-e-type=\"container\" data-settings=\"{&quot;background_background&quot;:&quot;classic&quot;}\">\n\t\t\t\t<\/div>\n\t\t\t\t<\/div>\n\t\t<div class=\"elementor-element elementor-element-675bc8d e-flex e-con-boxed e-con e-parent\" data-id=\"675bc8d\" data-element_type=\"container\" data-e-type=\"container\" data-settings=\"{&quot;background_background&quot;:&quot;classic&quot;}\">\n\t\t\t\t\t<div class=\"e-con-inner\">\n\t\t<div class=\"elementor-element elementor-element-b3e8829 e-con-full e-flex e-con e-child\" data-id=\"b3e8829\" data-element_type=\"container\" data-e-type=\"container\">\n\t\t\t\t<div class=\"elementor-element elementor-element-d0e4019 elementor-widget elementor-widget-text-editor\" data-id=\"d0e4019\" data-element_type=\"widget\" data-e-type=\"widget\" data-widget_type=\"text-editor.default\">\n\t\t\t\t<div class=\"elementor-widget-container\">\n\t\t\t\t\t\t\t\t\t<p>Har du sp\u00f8rgsm\u00e5l eller \u00f8vrige foresp\u00f8rgsler, er du altid velkommen til at kontakte os p\u00e5 <a href=\"mailto:support.ssf@syddanskestuderende.dk\">support.ssf@syddanskestuderende.dk<\/a>\u00a0<\/p><p>\u00a0<\/p><p>Vi svarer hurtigst muligt, men vi skal bede om din t\u00e5lmodighed da vi modtager mange sp\u00f8rgsm\u00e5l. Du er ogs\u00e5 meget velkommen til at se vores FAQ, hvor du m\u00e5ske finder svaret p\u00e5 dit sp\u00f8rgsm\u00e5l her.<\/p><p>\u00a0<\/p><p>F\u00f8lg med p\u00e5 vores sociale medier\u00a0<\/p><p><a href=\"https:\/\/www.facebook.com\/semesterstartsfesten\" target=\"_blank\" rel=\"noopener\">Facebook<\/a> or\u00a0<a href=\"https:\/\/www.instagram.com\/semesterstartsfesten\/\" target=\"_blank\" rel=\"noopener\">Instagram<\/a><\/p>\t\t\t\t\t\t\t\t<\/div>\n\t\t\t\t<\/div>\n\t\t\t\t<\/div>\n\t\t<div class=\"elementor-element elementor-element-847b82a e-con-full e-flex e-con e-child\" data-id=\"847b82a\" data-element_type=\"container\" data-e-type=\"container\">\n\t\t\t\t<div class=\"elementor-element elementor-element-c48e348 elementor-widget elementor-widget-image\" data-id=\"c48e348\" data-element_type=\"widget\" data-e-type=\"widget\" data-widget_type=\"image.default\">\n\t\t\t\t<div class=\"elementor-widget-container\">\n\t\t\t\t\t\t\t\t\t\t\t\t\t\t\t<img decoding=\"async\" src=\"https:\/\/syddanskestuderende.dk\/wp-content\/uploads\/elementor\/thumbs\/SSF_IKON-qssoc647t5vcklwmv1ta1lu9rai1tahybmjtxu7jm8.png\" title=\"SSF_IKON\" alt=\"SSF_IKON\" loading=\"lazy\" \/>\t\t\t\t\t\t\t\t\t\t\t\t\t\t\t<\/div>\n\t\t\t\t<\/div>\n\t\t\t\t<\/div>\n\t\t\t\t\t<\/div>\n\t\t\t\t<\/div>\n\t\t\t\t<\/div>","protected":false},"excerpt":{"rendered":"<p>Kontakt Semesterstartsfesten Har du sp\u00f8rgsm\u00e5l eller \u00f8vrige foresp\u00f8rgsler, er du altid velkommen til at kontakte os p\u00e5 support.ssf@syddanskestuderende.dk Vi svarer hurtigst muligt, men vi skal bede om din t\u00e5lmodighed da vi modtager mange sp\u00f8rgsm\u00e5l. Du er ogs\u00e5 meget velkommen til at se vores FAQ, hvor du m\u00e5ske finder svaret p\u00e5 dit sp\u00f8rgsm\u00e5l her. F\u00f8lg med [&hellip;]<\/p>\n","protected":false},"author":2,"featured_media":0,"parent":0,"menu_order":0,"comment_status":"closed","ping_status":"closed","template":"","meta":{"footnotes":""},"class_list":["post-5895","page","type-page","status-publish","hentry"],"_links":{"self":[{"href":"https:\/\/syddanskestuderende.dk\/eng\/wp-json\/wp\/v2\/pages\/5895","targetHints":{"allow":["GET"]}}],"collection":[{"href":"https:\/\/syddanskestuderende.dk\/eng\/wp-json\/wp\/v2\/pages"}],"about":[{"href":"https:\/\/syddanskestuderende.dk\/eng\/wp-json\/wp\/v2\/types\/page"}],"author":[{"embeddable":true,"href":"https:\/\/syddanskestuderende.dk\/eng\/wp-json\/wp\/v2\/users\/2"}],"replies":[{"embeddable":true,"href":"https:\/\/syddanskestuderende.dk\/eng\/wp-json\/wp\/v2\/comments?post=5895"}],"version-history":[{"count":11,"href":"https:\/\/syddanskestuderende.dk\/eng\/wp-json\/wp\/v2\/pages\/5895\/revisions"}],"predecessor-version":[{"id":5958,"href":"https:\/\/syddanskestuderende.dk\/eng\/wp-json\/wp\/v2\/pages\/5895\/revisions\/5958"}],"wp:attachment":[{"href":"https:\/\/syddanskestuderende.dk\/eng\/wp-json\/wp\/v2\/media?parent=5895"}],"curies":[{"name":"wp","href":"https:\/\/api.w.org\/{rel}","templated":true}]}}