{"id":620,"date":"2024-08-12T15:41:47","date_gmt":"2024-08-12T15:41:47","guid":{"rendered":"https:\/\/syddanskestuderende.dk\/?page_id=620"},"modified":"2024-10-30T22:41:49","modified_gmt":"2024-10-30T21:41:49","slug":"hvem-er-vi","status":"publish","type":"page","link":"https:\/\/syddanskestuderende.dk\/eng\/hvem-er-vi\/","title":{"rendered":"Who are we?"},"content":{"rendered":"\t\t<div data-elementor-type=\"wp-page\" data-elementor-id=\"620\" class=\"elementor elementor-620\" data-elementor-post-type=\"page\">\n\t\t\t\t<div class=\"elementor-element elementor-element-46bdec97 e-con-full e-flex e-con e-parent\" data-id=\"46bdec97\" data-element_type=\"container\" data-e-type=\"container\" data-settings=\"{&quot;background_background&quot;:&quot;gradient&quot;}\">\n\t\t<div class=\"elementor-element elementor-element-5191503a e-con-full e-flex e-con e-child\" data-id=\"5191503a\" data-element_type=\"container\" data-e-type=\"container\" data-settings=\"{&quot;background_background&quot;:&quot;gradient&quot;}\">\n\t\t\t\t<div class=\"elementor-element elementor-element-21418c5d elementor-widget elementor-widget-heading\" data-id=\"21418c5d\" data-element_type=\"widget\" data-e-type=\"widget\" data-widget_type=\"heading.default\">\n\t\t\t\t<div class=\"elementor-widget-container\">\n\t\t\t\t\t<h2 class=\"elementor-heading-title elementor-size-default\">Hvem er vi?<\/h2>\t\t\t\t<\/div>\n\t\t\t\t<\/div>\n\t\t\t\t<div class=\"elementor-element elementor-element-12aea429 elementor-widget elementor-widget-text-editor\" data-id=\"12aea429\" data-element_type=\"widget\" data-e-type=\"widget\" data-widget_type=\"text-editor.default\">\n\t\t\t\t<div class=\"elementor-widget-container\">\n\t\t\t\t\t\t\t\t\t<div class=\"x78zum5\" role=\"none\"><div class=\"x78zum5 x1iyjqo2 xs83m0k xeuugli\" role=\"none\"><div class=\"html-div xe8uvvx xdj266r x11i5rnm xat24cr x1mh8g0r xexx8yu x4uap5 x18d9i69 xkhd6sd x1h91t0o xkh2ocl x78zum5 xdt5ytf x13a6bvl x193iq5w x1eb86dx xeuugli\" role=\"presentation\"><div class=\"html-div xe8uvvx xdj266r x11i5rnm xat24cr x1mh8g0r xexx8yu x4uap5 x18d9i69 xkhd6sd x78zum5 xh8yej3\" role=\"presentation\"><div class=\"x1cy8zhl x78zum5 xdt5ytf x193iq5w x1n2onr6 x1kxipp6\"><div class=\"x78zum5 xh8yej3\" role=\"none\"><div class=\"html-div xe8uvvx xdj266r x11i5rnm xat24cr x1mh8g0r xexx8yu x4uap5 x18d9i69 xkhd6sd x6ikm8r x10wlt62\"><div class=\"html-div xe8uvvx xdj266r x11i5rnm xat24cr x1mh8g0r x1tlxs6b x1g8br2z x1gn5b1j x230xth x14ctfv x1okitfd x1k4qllp x6ikm8r x10wlt62 x1y1aw1k xwib8y2 x1ye3gou xn6708d x1n2onr6 x1vjfegm x1mzt3pk x13faqbe x1xr0vuk x1jm4cbz x1lmq8lz xrrpcnn x1xtl47e x13fuv20 xu3j5b3 x1q0q8m5 x26u7qi x19livfd x2t687o x3p3xfz x5od304\" role=\"presentation\"><div class=\"html-div xe8uvvx xexx8yu x4uap5 x18d9i69 xkhd6sd x1gslohp x11i5rnm x12nagc x1mh8g0r x1yc453h x126k92a x18lvrbx\" dir=\"auto\">Syddanske Studerende (SDS) er den st\u00f8rste studenterforening samt studenterr\u00e5det p\u00e5 Syddansk Universitet. Vi repr\u00e6senterer de studerendes interesser lokalt p\u00e5 SDU samt nationalt og bidrager med en r\u00e6kke events og projekter.<\/div><\/div><\/div><\/div><\/div><\/div><\/div><\/div><\/div>\t\t\t\t\t\t\t\t<\/div>\n\t\t\t\t<\/div>\n\t\t\t\t<\/div>\n\t\t<div class=\"elementor-element elementor-element-d3c4cfa e-con-full e-flex e-con e-child\" data-id=\"d3c4cfa\" data-element_type=\"container\" data-e-type=\"container\" data-settings=\"{&quot;background_background&quot;:&quot;classic&quot;}\">\n\t\t\t\t<\/div>\n\t\t\t\t<\/div>\n\t\t<div class=\"elementor-element elementor-element-143dd8ba e-con-full e-flex e-con e-parent\" data-id=\"143dd8ba\" data-element_type=\"container\" data-e-type=\"container\" data-settings=\"{&quot;background_background&quot;:&quot;classic&quot;}\">\n\t\t<div class=\"elementor-element elementor-element-6b41da6f e-con-full e-flex e-con e-child\" data-id=\"6b41da6f\" data-element_type=\"container\" data-e-type=\"container\">\n\t\t<div class=\"elementor-element elementor-element-386afa32 animated-slow e-con-full e-flex elementor-invisible e-con e-child\" data-id=\"386afa32\" data-element_type=\"container\" data-e-type=\"container\" data-settings=\"{&quot;background_background&quot;:&quot;classic&quot;,&quot;animation&quot;:&quot;fadeInUp&quot;,&quot;animation_delay&quot;:600}\">\n\t\t\t\t<\/div>\n\t\t<div class=\"elementor-element elementor-element-5845ebde e-con-full e-flex e-con e-child\" data-id=\"5845ebde\" data-element_type=\"container\" data-e-type=\"container\">\n\t\t\t\t<div class=\"elementor-element elementor-element-4ceb9198 elementor-blockquote--skin-quotation elementor-blockquote--align-center elementor-widget elementor-widget-blockquote\" data-id=\"4ceb9198\" data-element_type=\"widget\" data-e-type=\"widget\" data-widget_type=\"blockquote.default\">\n\t\t\t\t<div class=\"elementor-widget-container\">\n\t\t\t\t\t\t\t<blockquote class=\"elementor-blockquote\">\n\t\t\t<p class=\"elementor-blockquote__content\">\n\t\t\t\tSyddanske Studerende blev stiftet tilbage i 2008,\t\t\t<\/p>\n\t\t\t\t\t<\/blockquote>\n\t\t\t\t\t\t<\/div>\n\t\t\t\t<\/div>\n\t\t<div class=\"elementor-element elementor-element-329d4fcd e-grid e-con-full e-con e-child\" data-id=\"329d4fcd\" data-element_type=\"container\" data-e-type=\"container\">\n\t\t\t\t<div class=\"elementor-element elementor-element-fc0df6f elementor-widget elementor-widget-text-editor\" data-id=\"fc0df6f\" data-element_type=\"widget\" data-e-type=\"widget\" data-widget_type=\"text-editor.default\">\n\t\t\t\t<div class=\"elementor-widget-container\">\n\t\t\t\t\t\t\t\t\t<p>Da en gruppe studerende synes, at der manglede et studenterr\u00e5d, der samlede studerende p\u00e5 tv\u00e6rs af fakulteter, og som kunne b\u00e6re de studerendes stemme i bestemmende n\u00e6vn og r\u00e5d p\u00e5 universitetet. Syddanske Studerende er <strong>dit<\/strong> studenterr\u00e5d p\u00e5 Syddansk Universitet.<\/p>\t\t\t\t\t\t\t\t<\/div>\n\t\t\t\t<\/div>\n\t\t\t\t<div class=\"elementor-element elementor-element-f426810 elementor-widget elementor-widget-text-editor\" data-id=\"f426810\" data-element_type=\"widget\" data-e-type=\"widget\" data-widget_type=\"text-editor.default\">\n\t\t\t\t<div class=\"elementor-widget-container\">\n\t\t\t\t\t\t\t\t\t<p>SDS har en formel organisationsopbygning med en bestyrelse, best\u00e5ende af 8 bestyrelsesmedlemmer (inklusiv formand og n\u00e6stformand) og op til to suppleanter. Vi er en organisation, der arbejder med studenterpolitik for at forbedre forholdene for alle studerende \u2013 b\u00e5de fagligt og socialt.<\/p>\t\t\t\t\t\t\t\t<\/div>\n\t\t\t\t<\/div>\n\t\t\t\t<div class=\"elementor-element elementor-element-45c1cac1 elementor-widget elementor-widget-text-editor\" data-id=\"45c1cac1\" data-element_type=\"widget\" data-e-type=\"widget\" data-widget_type=\"text-editor.default\">\n\t\t\t\t<div class=\"elementor-widget-container\">\n\t\t\t\t\t\t\t\t\t<p>Herunder er der vores forretningsudvalg, som best\u00e5r af formandskabet og de ansvarlige for hvert udvalg. Derunder kommer alle vores udvalg og underudvalg, store som sm\u00e5, men alle af vigtig betydning for foreningen og vores arbejde.<\/p>\t\t\t\t\t\t\t\t<\/div>\n\t\t\t\t<\/div>\n\t\t\t\t<\/div>\n\t\t\t\t<div class=\"elementor-element elementor-element-283dc9cd elementor-widget-divider--view-line_icon elementor-view-default elementor-widget-divider--element-align-center elementor-widget elementor-widget-divider\" data-id=\"283dc9cd\" data-element_type=\"widget\" data-e-type=\"widget\" data-widget_type=\"divider.default\">\n\t\t\t\t<div class=\"elementor-widget-container\">\n\t\t\t\t\t\t\t<div class=\"elementor-divider\">\n\t\t\t<span class=\"elementor-divider-separator\">\n\t\t\t\t\t\t\t<div class=\"elementor-icon elementor-divider__element\">\n\t\t\t\t\t<svg aria-hidden=\"true\" class=\"e-font-icon-svg e-fas-arrow-right\" viewBox=\"0 0 448 512\" xmlns=\"http:\/\/www.w3.org\/2000\/svg\"><path d=\"M190.5 66.9l22.2-22.2c9.4-9.4 24.6-9.4 33.9 0L441 239c9.4 9.4 9.4 24.6 0 33.9L246.6 467.3c-9.4 9.4-24.6 9.4-33.9 0l-22.2-22.2c-9.5-9.5-9.3-25 .4-34.3L311.4 296H24c-13.3 0-24-10.7-24-24v-32c0-13.3 10.7-24 24-24h287.4L190.9 101.2c-9.8-9.3-10-24.8-.4-34.3z\"><\/path><\/svg><\/div>\n\t\t\t\t\t\t<\/span>\n\t\t<\/div>\n\t\t\t\t\t\t<\/div>\n\t\t\t\t<\/div>\n\t\t\t\t<\/div>\n\t\t\t\t<\/div>\n\t\t\t\t<\/div>\n\t\t<div class=\"elementor-element elementor-element-6d212ef5 e-flex e-con-boxed e-con e-parent\" data-id=\"6d212ef5\" data-element_type=\"container\" data-e-type=\"container\">\n\t\t\t\t\t<div class=\"e-con-inner\">\n\t\t<div class=\"elementor-element elementor-element-2896ab2c e-con-full e-flex e-con e-child\" data-id=\"2896ab2c\" data-element_type=\"container\" data-e-type=\"container\">\n\t\t\t\t<div class=\"elementor-element elementor-element-1de4ebe2 elementor-widget elementor-widget-heading\" data-id=\"1de4ebe2\" data-element_type=\"widget\" data-e-type=\"widget\" data-widget_type=\"heading.default\">\n\t\t\t\t<div class=\"elementor-widget-container\">\n\t\t\t\t\t<h1 class=\"elementor-heading-title elementor-size-default\">Studenter-indflydelse<\/h1>\t\t\t\t<\/div>\n\t\t\t\t<\/div>\n\t\t\t\t<div class=\"elementor-element elementor-element-630f5af elementor-widget elementor-widget-text-editor\" data-id=\"630f5af\" data-element_type=\"widget\" data-e-type=\"widget\" data-widget_type=\"text-editor.default\">\n\t\t\t\t<div class=\"elementor-widget-container\">\n\t\t\t\t\t\t\t\t\t<p>SDS sidder som den st\u00f8rste studenterforening p\u00e5 Syddansk Universitet, hvor vi igennem samarbejde med studerende og studenterforeninger p\u00e5 alle fakulteter sidder indvalgt i bestyrelsen, i Universitetsr\u00e5det og de fem Akademisk R\u00e5d p\u00e5 Syddansk Universitet.<\/p><p>Vi er stolte over vores samarbejde med store samt sm\u00e5 foreninger p\u00e5 SDU, og vi arbejder for at Syddansk Universitet skal have det bedste studiemilj\u00f8 i Danmark. Vi lytter til de studerende og samarbejder t\u00e6t med den nationale studenterforening Danske Studerendes F\u00e6llesr\u00e5d (DSF). SDS er gennem sine udvalg og arrangementer dagligt i kontakt med studerende, og vi lytter til deres meninger og holdninger.<\/p><p>Vi har samtidig et godt samarbejde med universitetsledelsen p\u00e5 Syddansk Universitet, hvor vi agerer som de studerendes taler\u00f8r. Vi k\u00e6mper for at repr\u00e6sentere studerende p\u00e5 Syddansk Universitet over for politikere og lokale akt\u00f8rer for at sikre de studerendes muligheder er bredde og excellente.<\/p>\t\t\t\t\t\t\t\t<\/div>\n\t\t\t\t<\/div>\n\t\t\t\t<\/div>\n\t\t<div class=\"elementor-element elementor-element-2ef41caa e-con-full e-flex e-con e-child\" data-id=\"2ef41caa\" data-element_type=\"container\" data-e-type=\"container\" data-settings=\"{&quot;background_background&quot;:&quot;classic&quot;,&quot;background_motion_fx_motion_fx_scrolling&quot;:&quot;yes&quot;,&quot;background_motion_fx_devices&quot;:[&quot;desktop&quot;,&quot;tablet&quot;,&quot;mobile&quot;]}\">\n\t\t\t\t<\/div>\n\t\t\t\t\t<\/div>\n\t\t\t\t<\/div>\n\t\t<div class=\"elementor-element elementor-element-5bc6509b e-flex e-con-boxed e-con e-parent\" data-id=\"5bc6509b\" data-element_type=\"container\" data-e-type=\"container\" data-settings=\"{&quot;background_background&quot;:&quot;classic&quot;}\">\n\t\t\t\t\t<div class=\"e-con-inner\">\n\t\t<div class=\"elementor-element elementor-element-45e208ab e-con-full e-flex e-con e-child\" data-id=\"45e208ab\" data-element_type=\"container\" data-e-type=\"container\">\n\t\t\t\t<div class=\"elementor-element elementor-element-511b4e8d elementor-widget-divider--view-line_icon elementor-view-default elementor-widget-divider--element-align-center elementor-widget elementor-widget-divider\" data-id=\"511b4e8d\" data-element_type=\"widget\" data-e-type=\"widget\" data-widget_type=\"divider.default\">\n\t\t\t\t<div class=\"elementor-widget-container\">\n\t\t\t\t\t\t\t<div class=\"elementor-divider\">\n\t\t\t<span class=\"elementor-divider-separator\">\n\t\t\t\t\t\t\t<div class=\"elementor-icon elementor-divider__element\">\n\t\t\t\t\t<svg aria-hidden=\"true\" class=\"e-font-icon-svg e-fas-spinner\" viewBox=\"0 0 512 512\" xmlns=\"http:\/\/www.w3.org\/2000\/svg\"><path d=\"M304 48c0 26.51-21.49 48-48 48s-48-21.49-48-48 21.49-48 48-48 48 21.49 48 48zm-48 368c-26.51 0-48 21.49-48 48s21.49 48 48 48 48-21.49 48-48-21.49-48-48-48zm208-208c-26.51 0-48 21.49-48 48s21.49 48 48 48 48-21.49 48-48-21.49-48-48-48zM96 256c0-26.51-21.49-48-48-48S0 229.49 0 256s21.49 48 48 48 48-21.49 48-48zm12.922 99.078c-26.51 0-48 21.49-48 48s21.49 48 48 48 48-21.49 48-48c0-26.509-21.491-48-48-48zm294.156 0c-26.51 0-48 21.49-48 48s21.49 48 48 48 48-21.49 48-48c0-26.509-21.49-48-48-48zM108.922 60.922c-26.51 0-48 21.49-48 48s21.49 48 48 48 48-21.49 48-48-21.491-48-48-48z\"><\/path><\/svg><\/div>\n\t\t\t\t\t\t<\/span>\n\t\t<\/div>\n\t\t\t\t\t\t<\/div>\n\t\t\t\t<\/div>\n\t\t\t\t<div class=\"elementor-element elementor-element-58dff138 elementor-widget elementor-widget-heading\" data-id=\"58dff138\" data-element_type=\"widget\" data-e-type=\"widget\" data-widget_type=\"heading.default\">\n\t\t\t\t<div class=\"elementor-widget-container\">\n\t\t\t\t\t<h2 class=\"elementor-heading-title elementor-size-default\">Mere info?<\/h2>\t\t\t\t<\/div>\n\t\t\t\t<\/div>\n\t\t\t\t<div class=\"elementor-element elementor-element-6443bb91 elementor-widget elementor-widget-text-editor\" data-id=\"6443bb91\" data-element_type=\"widget\" data-e-type=\"widget\" data-widget_type=\"text-editor.default\">\n\t\t\t\t<div class=\"elementor-widget-container\">\n\t\t\t\t\t\t\t\t\t<p>Du er som studerende altid velkommen til at kontakte os\u00a0hvis du vil h\u00f8re mere om, hvordan du kan g\u00f8re en forskel for dit universitet.<\/p>\t\t\t\t\t\t\t\t<\/div>\n\t\t\t\t<\/div>\n\t\t\t\t<div class=\"elementor-element elementor-element-7eff357a elementor-widget-mobile__width-inherit elementor-invisible elementor-widget elementor-widget-button\" data-id=\"7eff357a\" data-element_type=\"widget\" data-e-type=\"widget\" data-settings=\"{&quot;_animation&quot;:&quot;fadeInDown&quot;}\" data-widget_type=\"button.default\">\n\t\t\t\t<div class=\"elementor-widget-container\">\n\t\t\t\t\t\t\t\t\t<div class=\"elementor-button-wrapper\">\n\t\t\t\t\t<a class=\"elementor-button elementor-button-link elementor-size-sm elementor-animation-grow\" href=\"https:\/\/syddanskestuderende.dk\/kontakt\/\" target=\"_blank\">\n\t\t\t\t\t\t<span class=\"elementor-button-content-wrapper\">\n\t\t\t\t\t\t\t\t\t<span class=\"elementor-button-text\">Kontakt<\/span>\n\t\t\t\t\t<\/span>\n\t\t\t\t\t<\/a>\n\t\t\t\t<\/div>\n\t\t\t\t\t\t\t\t<\/div>\n\t\t\t\t<\/div>\n\t\t\t\t<\/div>\n\t\t<div class=\"elementor-element elementor-element-4418e165 e-con-full e-flex e-con e-child\" data-id=\"4418e165\" data-element_type=\"container\" data-e-type=\"container\">\n\t\t\t\t<div class=\"elementor-element elementor-element-54fccfe0 elementor-widget elementor-widget-image\" data-id=\"54fccfe0\" data-element_type=\"widget\" data-e-type=\"widget\" data-widget_type=\"image.default\">\n\t\t\t\t<div class=\"elementor-widget-container\">\n\t\t\t\t\t\t\t\t\t\t\t\t\t\t\t<img fetchpriority=\"high\" decoding=\"async\" width=\"800\" height=\"532\" src=\"https:\/\/syddanskestuderende.dk\/wp-content\/uploads\/2024\/08\/DSC_3002-103-scaled-1-1024x681.jpg\" class=\"attachment-large size-large wp-image-296\" alt=\"\" srcset=\"https:\/\/syddanskestuderende.dk\/wp-content\/uploads\/2024\/08\/DSC_3002-103-scaled-1-1024x681.jpg 1024w, https:\/\/syddanskestuderende.dk\/wp-content\/uploads\/2024\/08\/DSC_3002-103-scaled-1-300x200.jpg 300w, https:\/\/syddanskestuderende.dk\/wp-content\/uploads\/2024\/08\/DSC_3002-103-scaled-1-768x511.jpg 768w, https:\/\/syddanskestuderende.dk\/wp-content\/uploads\/2024\/08\/DSC_3002-103-scaled-1-1536x1022.jpg 1536w, https:\/\/syddanskestuderende.dk\/wp-content\/uploads\/2024\/08\/DSC_3002-103-scaled-1-2048x1362.jpg 2048w\" sizes=\"(max-width: 800px) 100vw, 800px\" \/>\t\t\t\t\t\t\t\t\t\t\t\t\t\t\t<\/div>\n\t\t\t\t<\/div>\n\t\t\t\t<\/div>\n\t\t\t\t\t<\/div>\n\t\t\t\t<\/div>\n\t\t\t\t<\/div>\n\t\t","protected":false},"excerpt":{"rendered":"<p>Hvem er vi? Syddanske Studerende (SDS) er den st\u00f8rste studenterforening samt studenterr\u00e5det p\u00e5 Syddansk Universitet. Vi repr\u00e6senterer de studerendes interesser lokalt p\u00e5 SDU samt nationalt og bidrager med en r\u00e6kke events og projekter. Syddanske Studerende blev stiftet tilbage i 2008, Da en gruppe studerende synes, at der manglede et studenterr\u00e5d, der samlede studerende p\u00e5 tv\u00e6rs [&hellip;]<\/p>\n","protected":false},"author":2,"featured_media":0,"parent":0,"menu_order":0,"comment_status":"closed","ping_status":"closed","template":"","meta":{"footnotes":""},"class_list":["post-620","page","type-page","status-publish","hentry"],"_links":{"self":[{"href":"https:\/\/syddanskestuderende.dk\/eng\/wp-json\/wp\/v2\/pages\/620","targetHints":{"allow":["GET"]}}],"collection":[{"href":"https:\/\/syddanskestuderende.dk\/eng\/wp-json\/wp\/v2\/pages"}],"about":[{"href":"https:\/\/syddanskestuderende.dk\/eng\/wp-json\/wp\/v2\/types\/page"}],"author":[{"embeddable":true,"href":"https:\/\/syddanskestuderende.dk\/eng\/wp-json\/wp\/v2\/users\/2"}],"replies":[{"embeddable":true,"href":"https:\/\/syddanskestuderende.dk\/eng\/wp-json\/wp\/v2\/comments?post=620"}],"version-history":[{"count":21,"href":"https:\/\/syddanskestuderende.dk\/eng\/wp-json\/wp\/v2\/pages\/620\/revisions"}],"predecessor-version":[{"id":4607,"href":"https:\/\/syddanskestuderende.dk\/eng\/wp-json\/wp\/v2\/pages\/620\/revisions\/4607"}],"wp:attachment":[{"href":"https:\/\/syddanskestuderende.dk\/eng\/wp-json\/wp\/v2\/media?parent=620"}],"curies":[{"name":"wp","href":"https:\/\/api.w.org\/{rel}","templated":true}]}}